{"id":6671,"date":"2024-09-04T18:15:34","date_gmt":"2024-09-05T01:15:34","guid":{"rendered":"https:\/\/chicasmom.org\/?page_id=6671"},"modified":"2024-09-04T18:15:43","modified_gmt":"2024-09-05T01:15:43","slug":"educacion-financiera","status":"publish","type":"page","link":"https:\/\/chicasmom.org\/es\/educacion-financiera\/","title":{"rendered":"Educaci\u00f3n Financiera:"},"content":{"rendered":"<div class=\"gb-container gb-container-e884dab6\">\n\n<p class=\"\">Nuestro programa de educaci\u00f3n financiera est\u00e1 dise\u00f1ado para empoderar a los miembros de la comunidad con el conocimiento y las herramientas necesarias para tomar decisiones financieras informadas. A trav\u00e9s de talleres interactivos y asesoramiento pr\u00e1ctico, abordamos temas clave como la gesti\u00f3n del presupuesto, el ahorro, la inversi\u00f3n y la planificaci\u00f3n para el futuro. Nuestro objetivo es fortalecer la estabilidad financiera de las familias y promover un mayor bienestar econ\u00f3mico en la comunidad.<\/p>\n\n<\/div>","protected":false},"excerpt":{"rendered":"<div class=\"entry-summary\">\nNuestro programa de educaci\u00f3n financiera est\u00e1 dise\u00f1ado para empoderar a los miembros de la comunidad con el conocimiento y las herramientas necesarias para tomar decisiones financieras informadas. A trav\u00e9s de talleres interactivos y asesoramiento pr\u00e1ctico, abordamos temas clave como la&hellip;\n<\/div>\n<div class=\"link-more\"><a href=\"https:\/\/chicasmom.org\/es\/educacion-financiera\/\" class=\"more-link\">Continue reading<span class=\"screen-reader-text\"> &ldquo;Educaci\u00f3n Financiera:&rdquo;<\/span>&hellip;<\/a><\/div>\n","protected":false},"author":6,"featured_media":0,"parent":0,"menu_order":0,"comment_status":"closed","ping_status":"closed","template":"","meta":{"_acf_changed":false,"_monsterinsights_skip_tracking":false,"_monsterinsights_sitenote_active":false,"_monsterinsights_sitenote_note":"","_monsterinsights_sitenote_category":0,"footnotes":""},"class_list":["post-6671","page","type-page","status-publish","hentry","entry"],"acf":[],"wps_subtitle":"","_links":{"self":[{"href":"https:\/\/chicasmom.org\/es\/wp-json\/wp\/v2\/pages\/6671","targetHints":{"allow":["GET"]}}],"collection":[{"href":"https:\/\/chicasmom.org\/es\/wp-json\/wp\/v2\/pages"}],"about":[{"href":"https:\/\/chicasmom.org\/es\/wp-json\/wp\/v2\/types\/page"}],"author":[{"embeddable":true,"href":"https:\/\/chicasmom.org\/es\/wp-json\/wp\/v2\/users\/6"}],"replies":[{"embeddable":true,"href":"https:\/\/chicasmom.org\/es\/wp-json\/wp\/v2\/comments?post=6671"}],"version-history":[{"count":1,"href":"https:\/\/chicasmom.org\/es\/wp-json\/wp\/v2\/pages\/6671\/revisions"}],"predecessor-version":[{"id":6672,"href":"https:\/\/chicasmom.org\/es\/wp-json\/wp\/v2\/pages\/6671\/revisions\/6672"}],"wp:attachment":[{"href":"https:\/\/chicasmom.org\/es\/wp-json\/wp\/v2\/media?parent=6671"}],"curies":[{"name":"wp","href":"https:\/\/api.w.org\/{rel}","templated":true}]}}