{"id":6668,"date":"2024-09-04T18:13:46","date_gmt":"2024-09-05T01:13:46","guid":{"rendered":"https:\/\/chicasmom.org\/?page_id=6668"},"modified":"2024-09-04T18:14:01","modified_gmt":"2024-09-05T01:14:01","slug":"imagen-profesional","status":"publish","type":"page","link":"https:\/\/chicasmom.org\/es\/imagen-profesional\/","title":{"rendered":"Imagen Profesional:"},"content":{"rendered":"<div class=\"gb-container gb-container-71415872\">\n\n<p class=\"\">Estos talleres de imagen profesional est\u00e1n dise\u00f1ados para ayudar a los participantes a proyectar una imagen que refleje confianza y profesionalismo en el \u00e1mbito laboral. A trav\u00e9s de sesiones pr\u00e1cticas y asesoramiento personalizado, se abordar\u00e1n aspectos clave como la vestimenta, el lenguaje corporal y las habilidades de comunicaci\u00f3n, con el objetivo de fortalecer la presencia y el impacto profesional de los asistentes.<\/p>\n\n<\/div>","protected":false},"excerpt":{"rendered":"<div class=\"entry-summary\">\nEstos talleres de imagen profesional est\u00e1n dise\u00f1ados para ayudar a los participantes a proyectar una imagen que refleje confianza y profesionalismo en el \u00e1mbito laboral. A trav\u00e9s de sesiones pr\u00e1cticas y asesoramiento personalizado, se abordar\u00e1n aspectos clave como la vestimenta,&hellip;\n<\/div>\n<div class=\"link-more\"><a href=\"https:\/\/chicasmom.org\/es\/imagen-profesional\/\" class=\"more-link\">Continue reading<span class=\"screen-reader-text\"> &ldquo;Imagen Profesional:&rdquo;<\/span>&hellip;<\/a><\/div>\n","protected":false},"author":6,"featured_media":0,"parent":0,"menu_order":0,"comment_status":"closed","ping_status":"closed","template":"","meta":{"_acf_changed":false,"_monsterinsights_skip_tracking":false,"_monsterinsights_sitenote_active":false,"_monsterinsights_sitenote_note":"","_monsterinsights_sitenote_category":0,"footnotes":""},"class_list":["post-6668","page","type-page","status-publish","hentry","entry"],"acf":[],"wps_subtitle":"","_links":{"self":[{"href":"https:\/\/chicasmom.org\/es\/wp-json\/wp\/v2\/pages\/6668","targetHints":{"allow":["GET"]}}],"collection":[{"href":"https:\/\/chicasmom.org\/es\/wp-json\/wp\/v2\/pages"}],"about":[{"href":"https:\/\/chicasmom.org\/es\/wp-json\/wp\/v2\/types\/page"}],"author":[{"embeddable":true,"href":"https:\/\/chicasmom.org\/es\/wp-json\/wp\/v2\/users\/6"}],"replies":[{"embeddable":true,"href":"https:\/\/chicasmom.org\/es\/wp-json\/wp\/v2\/comments?post=6668"}],"version-history":[{"count":1,"href":"https:\/\/chicasmom.org\/es\/wp-json\/wp\/v2\/pages\/6668\/revisions"}],"predecessor-version":[{"id":6669,"href":"https:\/\/chicasmom.org\/es\/wp-json\/wp\/v2\/pages\/6668\/revisions\/6669"}],"wp:attachment":[{"href":"https:\/\/chicasmom.org\/es\/wp-json\/wp\/v2\/media?parent=6668"}],"curies":[{"name":"wp","href":"https:\/\/api.w.org\/{rel}","templated":true}]}}