{"id":6659,"date":"2024-09-04T18:02:22","date_gmt":"2024-09-05T01:02:22","guid":{"rendered":"https:\/\/chicasmom.org\/?page_id=6659"},"modified":"2024-09-05T21:54:53","modified_gmt":"2024-09-06T04:54:53","slug":"clases-de-computacion-para-adultos","status":"publish","type":"page","link":"https:\/\/chicasmom.org\/es\/clases-de-computacion-para-adultos\/","title":{"rendered":"Clases de Computaci\u00f3n para Adultos:"},"content":{"rendered":"<div class=\"gb-container gb-container-ab4f909a\">\n\n<p class=\"\">Nuestra misi\u00f3n es empoderar a las mujeres y sus familias a trav\u00e9s de la educaci\u00f3n, y creemos firmemente que las habilidades digitales son esenciales para el desarrollo personal y profesional en el mundo actual. Por ello, hemos implementado este programa al servicio de la comunidad, asegurando que las personas adultas no queden rezagadas en el aprendizaje y uso de la tecnolog\u00eda.<\/p>\n\n\n<div class=\"gb-container gb-container-de241bb4\">\n\n<p class=\"\">Puedes donar a trav\u00e9s del bot\u00f3n Donar. Si prefieres otras opciones, tambi\u00e9n aceptamos donaciones en efectivo, cheque o mediante Zelle. A continuaci\u00f3n, te explicamos c\u00f3mo hacerlo:&nbsp;<a href=\"https:\/\/chicasmom.org\/wp-content\/uploads\/2024\/08\/CMI_FORM_CM15_-_Donors-Support_Application.pdf\" target=\"_blank\" rel=\"noreferrer noopener\">click aqui<\/a><\/p>\n\n\n<div class=\"gb-container gb-container-e9971026\">\n\n<div style=\"position:relative;overflow:hidden;width:100%;padding-top:120px;\"><iframe title='Donation form powered by Zeffy' style='position: absolute; border: 0; top:0;left:0;bottom:0;right:0;width:100%;height:120px' src='https:\/\/www.zeffy.com\/es-US\/embed\/thermometer\/c2b3ad9f-7d55-45f7-981e-cc0e650692e8'  allowTransparency=\"true\"><\/iframe><\/div>\n\n<\/div>\n<\/div>\n\n<div class=\"gb-container gb-container-6ad8e011\">\n\n<div class=\"wp-block-columns is-layout-flex wp-container-core-columns-is-layout-9d6595d7 wp-block-columns-is-layout-flex\">\n<div class=\"wp-block-column is-vertically-aligned-center is-layout-flow wp-block-column-is-layout-flow\">\n<button class=\"zeffy-btn\" zeffy-form-link=\"https:\/\/www.zeffy.com\/es-US\/peer-to-peer\/c2b3ad9f-7d55-45f7-981e-cc0e650692e8?modal=true\"\">\n            Donar\n        <\/button>\n<\/div>\n\n\n\n<div class=\"wp-block-column is-layout-flow wp-block-column-is-layout-flow\">\n<div style=\"position:relative;overflow:hidden;width:100%;padding-top:240px;\"><iframe title='Donation form powered by Zeffy' style='position: absolute; border: 1; top:0;left:0;bottom:0;right:0;width:100%;height:100%' src='https:\/\/www.zeffy.com\/es-US\/embed\/leaderboard\/c2b3ad9f-7d55-45f7-981e-cc0e650692e8'  allowTransparency=\"true\"><\/iframe><\/div>\n<\/div>\n<\/div>\n\n<\/div>\n<\/div>","protected":false},"excerpt":{"rendered":"<div class=\"entry-summary\">\nNuestra misi\u00f3n es empoderar a las mujeres y sus familias a trav\u00e9s de la educaci\u00f3n, y creemos firmemente que las habilidades digitales son esenciales para el desarrollo personal y profesional en el mundo actual. Por ello, hemos implementado este programa&hellip;\n<\/div>\n<div class=\"link-more\"><a href=\"https:\/\/chicasmom.org\/es\/clases-de-computacion-para-adultos\/\" class=\"more-link\">Continue reading<span class=\"screen-reader-text\"> &ldquo;Clases de Computaci\u00f3n para Adultos:&rdquo;<\/span>&hellip;<\/a><\/div>\n","protected":false},"author":6,"featured_media":0,"parent":0,"menu_order":0,"comment_status":"closed","ping_status":"closed","template":"","meta":{"_acf_changed":false,"_monsterinsights_skip_tracking":false,"_monsterinsights_sitenote_active":false,"_monsterinsights_sitenote_note":"","_monsterinsights_sitenote_category":0,"footnotes":""},"class_list":["post-6659","page","type-page","status-publish","hentry","entry"],"acf":[],"wps_subtitle":"","_links":{"self":[{"href":"https:\/\/chicasmom.org\/es\/wp-json\/wp\/v2\/pages\/6659","targetHints":{"allow":["GET"]}}],"collection":[{"href":"https:\/\/chicasmom.org\/es\/wp-json\/wp\/v2\/pages"}],"about":[{"href":"https:\/\/chicasmom.org\/es\/wp-json\/wp\/v2\/types\/page"}],"author":[{"embeddable":true,"href":"https:\/\/chicasmom.org\/es\/wp-json\/wp\/v2\/users\/6"}],"replies":[{"embeddable":true,"href":"https:\/\/chicasmom.org\/es\/wp-json\/wp\/v2\/comments?post=6659"}],"version-history":[{"count":5,"href":"https:\/\/chicasmom.org\/es\/wp-json\/wp\/v2\/pages\/6659\/revisions"}],"predecessor-version":[{"id":6716,"href":"https:\/\/chicasmom.org\/es\/wp-json\/wp\/v2\/pages\/6659\/revisions\/6716"}],"wp:attachment":[{"href":"https:\/\/chicasmom.org\/es\/wp-json\/wp\/v2\/media?parent=6659"}],"curies":[{"name":"wp","href":"https:\/\/api.w.org\/{rel}","templated":true}]}}