{"id":6656,"date":"2024-09-04T17:49:14","date_gmt":"2024-09-05T00:49:14","guid":{"rendered":"https:\/\/chicasmom.org\/?page_id=6656"},"modified":"2024-09-04T17:49:20","modified_gmt":"2024-09-05T00:49:20","slug":"cuidado-personal-belleza","status":"publish","type":"page","link":"https:\/\/chicasmom.org\/es\/cuidado-personal-belleza\/","title":{"rendered":"Cuidado Personal &amp; Belleza:"},"content":{"rendered":"<div class=\"gb-container gb-container-fcd26c2e\">\n\n<p class=\"\">Estos talleres, dirigidos a miembros de la comunidad, est\u00e1n dise\u00f1ados para mejorar la autoestima a trav\u00e9s del cuidado personal y la belleza. Profesionales especializados en el \u00e1rea estar\u00e1n a cargo de las sesiones, proporcionando conocimientos y t\u00e9cnicas para que los participantes se sientan m\u00e1s seguros y satisfechos con su imagen personal.<\/p>\n\n<\/div>","protected":false},"excerpt":{"rendered":"<div class=\"entry-summary\">\nEstos talleres, dirigidos a miembros de la comunidad, est\u00e1n dise\u00f1ados para mejorar la autoestima a trav\u00e9s del cuidado personal y la belleza. Profesionales especializados en el \u00e1rea estar\u00e1n a cargo de las sesiones, proporcionando conocimientos y t\u00e9cnicas para que los&hellip;\n<\/div>\n<div class=\"link-more\"><a href=\"https:\/\/chicasmom.org\/es\/cuidado-personal-belleza\/\" class=\"more-link\">Continue reading<span class=\"screen-reader-text\"> &ldquo;Cuidado Personal &amp; Belleza:&rdquo;<\/span>&hellip;<\/a><\/div>\n","protected":false},"author":6,"featured_media":0,"parent":0,"menu_order":0,"comment_status":"closed","ping_status":"closed","template":"","meta":{"_acf_changed":false,"_monsterinsights_skip_tracking":false,"_monsterinsights_sitenote_active":false,"_monsterinsights_sitenote_note":"","_monsterinsights_sitenote_category":0,"footnotes":""},"class_list":["post-6656","page","type-page","status-publish","hentry","entry"],"acf":[],"wps_subtitle":"","_links":{"self":[{"href":"https:\/\/chicasmom.org\/es\/wp-json\/wp\/v2\/pages\/6656","targetHints":{"allow":["GET"]}}],"collection":[{"href":"https:\/\/chicasmom.org\/es\/wp-json\/wp\/v2\/pages"}],"about":[{"href":"https:\/\/chicasmom.org\/es\/wp-json\/wp\/v2\/types\/page"}],"author":[{"embeddable":true,"href":"https:\/\/chicasmom.org\/es\/wp-json\/wp\/v2\/users\/6"}],"replies":[{"embeddable":true,"href":"https:\/\/chicasmom.org\/es\/wp-json\/wp\/v2\/comments?post=6656"}],"version-history":[{"count":1,"href":"https:\/\/chicasmom.org\/es\/wp-json\/wp\/v2\/pages\/6656\/revisions"}],"predecessor-version":[{"id":6657,"href":"https:\/\/chicasmom.org\/es\/wp-json\/wp\/v2\/pages\/6656\/revisions\/6657"}],"wp:attachment":[{"href":"https:\/\/chicasmom.org\/es\/wp-json\/wp\/v2\/media?parent=6656"}],"curies":[{"name":"wp","href":"https:\/\/api.w.org\/{rel}","templated":true}]}}