{"id":6646,"date":"2024-09-04T17:41:49","date_gmt":"2024-09-05T00:41:49","guid":{"rendered":"https:\/\/chicasmom.org\/?page_id=6646"},"modified":"2024-09-04T18:25:44","modified_gmt":"2024-09-05T01:25:44","slug":"programa-proyecto-dulce","status":"publish","type":"page","link":"https:\/\/chicasmom.org\/es\/programa-proyecto-dulce\/","title":{"rendered":"Programa Proyecto Dulce:"},"content":{"rendered":"<div class=\"gb-container gb-container-1741f6ea\">\n\n<p class=\"\">Es un programa de control de la diabetes desarrollado por Scripps.<br>Este programa gratuito est\u00e1 dirigido a miembros de la comunidad de Chicas Mom Inc. que han sido diagnosticados con diabetes y tienen 18 a\u00f1os o m\u00e1s. El programa ofrece cinco clases virtuales impartidas en espa\u00f1ol, dise\u00f1adas para ayudar a los participantes a manejar su condici\u00f3n de manera efectiva.<\/p>\n\n\n<div class=\"gb-container gb-container-35d88f9d\">\n<div class=\"gb-container gb-container-b3812473\">\n\n<p class=\"\">Puedes donar a trav\u00e9s del bot\u00f3n Donar. Si prefieres otras opciones, tambi\u00e9n aceptamos donaciones en efectivo, cheque o mediante Zelle. A continuaci\u00f3n, te explicamos c\u00f3mo hacerlo:\u00a0<a href=\"https:\/\/chicasmom.org\/wp-content\/uploads\/2024\/08\/CMI_FORM_CM15_-_Donors-Support_Application.pdf\" target=\"_blank\" rel=\"noreferrer noopener\">click aqui<\/a><\/p>\n\n\n\n<div style=\"position:relative;overflow:hidden;width:100%;padding-top:120px;\"><iframe title='Donation form powered by Zeffy' style='position: absolute; border: 0; top:0;left:0;bottom:0;right:0;width:100%;height:120px' src='https:\/\/www.zeffy.com\/es-US\/embed\/thermometer\/fc65a102-1a8b-4376-9382-e8ce59c71241'  allowTransparency=\"true\"><\/iframe><\/div>\n\n<\/div>\n\n\n<button class=\"zeffy-btn\" zeffy-form-link=\"https:\/\/www.zeffy.com\/es-US\/peer-to-peer\/fc65a102-1a8b-4376-9382-e8ce59c71241?modal=true\"\">\n            Donar\n        <\/button>\n\n<\/div>\n<\/div>","protected":false},"excerpt":{"rendered":"<div class=\"entry-summary\">\nEs un programa de control de la diabetes desarrollado por Scripps.Este programa gratuito est\u00e1 dirigido a miembros de la comunidad de Chicas Mom Inc. que han sido diagnosticados con diabetes y tienen 18 a\u00f1os o m\u00e1s. El programa ofrece cinco&hellip;\n<\/div>\n<div class=\"link-more\"><a href=\"https:\/\/chicasmom.org\/es\/programa-proyecto-dulce\/\" class=\"more-link\">Continue reading<span class=\"screen-reader-text\"> &ldquo;Programa Proyecto Dulce:&rdquo;<\/span>&hellip;<\/a><\/div>\n","protected":false},"author":6,"featured_media":0,"parent":0,"menu_order":0,"comment_status":"closed","ping_status":"closed","template":"","meta":{"_acf_changed":false,"_monsterinsights_skip_tracking":false,"_monsterinsights_sitenote_active":false,"_monsterinsights_sitenote_note":"","_monsterinsights_sitenote_category":0,"footnotes":""},"class_list":["post-6646","page","type-page","status-publish","hentry","entry"],"acf":[],"wps_subtitle":"","_links":{"self":[{"href":"https:\/\/chicasmom.org\/es\/wp-json\/wp\/v2\/pages\/6646","targetHints":{"allow":["GET"]}}],"collection":[{"href":"https:\/\/chicasmom.org\/es\/wp-json\/wp\/v2\/pages"}],"about":[{"href":"https:\/\/chicasmom.org\/es\/wp-json\/wp\/v2\/types\/page"}],"author":[{"embeddable":true,"href":"https:\/\/chicasmom.org\/es\/wp-json\/wp\/v2\/users\/6"}],"replies":[{"embeddable":true,"href":"https:\/\/chicasmom.org\/es\/wp-json\/wp\/v2\/comments?post=6646"}],"version-history":[{"count":5,"href":"https:\/\/chicasmom.org\/es\/wp-json\/wp\/v2\/pages\/6646\/revisions"}],"predecessor-version":[{"id":6679,"href":"https:\/\/chicasmom.org\/es\/wp-json\/wp\/v2\/pages\/6646\/revisions\/6679"}],"wp:attachment":[{"href":"https:\/\/chicasmom.org\/es\/wp-json\/wp\/v2\/media?parent=6646"}],"curies":[{"name":"wp","href":"https:\/\/api.w.org\/{rel}","templated":true}]}}