{"id":6641,"date":"2024-09-04T17:36:37","date_gmt":"2024-09-05T00:36:37","guid":{"rendered":"https:\/\/chicasmom.org\/?page_id=6641"},"modified":"2024-09-04T17:37:27","modified_gmt":"2024-09-05T00:37:27","slug":"camino-a-la-universidad","status":"publish","type":"page","link":"https:\/\/chicasmom.org\/es\/camino-a-la-universidad\/","title":{"rendered":"Camino a la Universidad:"},"content":{"rendered":"<div class=\"gb-container gb-container-1107a37b\">\n\n<p class=\"\">Este programa est\u00e1 dirigido a estudiantes de 10\u00ba a 12\u00ba grado y a sus padres, con el objetivo de proporcionar informaci\u00f3n precisa, actualizada y confiable sobre temas cruciales para la educaci\u00f3n superior. Ofrecemos orientaci\u00f3n sobre becas gubernamentales como FAFSA, requisitos de admisi\u00f3n para universidades estatales y nacionales, ayuda financiera y otros consejos \u00fatiles para facilitar el proceso de ingreso a la universidad.<\/p>\n\n<\/div>","protected":false},"excerpt":{"rendered":"<div class=\"entry-summary\">\nEste programa est\u00e1 dirigido a estudiantes de 10\u00ba a 12\u00ba grado y a sus padres, con el objetivo de proporcionar informaci\u00f3n precisa, actualizada y confiable sobre temas cruciales para la educaci\u00f3n superior. Ofrecemos orientaci\u00f3n sobre becas gubernamentales como FAFSA, requisitos&hellip;\n<\/div>\n<div class=\"link-more\"><a href=\"https:\/\/chicasmom.org\/es\/camino-a-la-universidad\/\" class=\"more-link\">Continue reading<span class=\"screen-reader-text\"> &ldquo;Camino a la Universidad:&rdquo;<\/span>&hellip;<\/a><\/div>\n","protected":false},"author":6,"featured_media":0,"parent":0,"menu_order":0,"comment_status":"closed","ping_status":"closed","template":"","meta":{"_acf_changed":false,"_monsterinsights_skip_tracking":false,"_monsterinsights_sitenote_active":false,"_monsterinsights_sitenote_note":"","_monsterinsights_sitenote_category":0,"footnotes":""},"class_list":["post-6641","page","type-page","status-publish","hentry","entry"],"acf":[],"wps_subtitle":"","_links":{"self":[{"href":"https:\/\/chicasmom.org\/es\/wp-json\/wp\/v2\/pages\/6641","targetHints":{"allow":["GET"]}}],"collection":[{"href":"https:\/\/chicasmom.org\/es\/wp-json\/wp\/v2\/pages"}],"about":[{"href":"https:\/\/chicasmom.org\/es\/wp-json\/wp\/v2\/types\/page"}],"author":[{"embeddable":true,"href":"https:\/\/chicasmom.org\/es\/wp-json\/wp\/v2\/users\/6"}],"replies":[{"embeddable":true,"href":"https:\/\/chicasmom.org\/es\/wp-json\/wp\/v2\/comments?post=6641"}],"version-history":[{"count":2,"href":"https:\/\/chicasmom.org\/es\/wp-json\/wp\/v2\/pages\/6641\/revisions"}],"predecessor-version":[{"id":6643,"href":"https:\/\/chicasmom.org\/es\/wp-json\/wp\/v2\/pages\/6641\/revisions\/6643"}],"wp:attachment":[{"href":"https:\/\/chicasmom.org\/es\/wp-json\/wp\/v2\/media?parent=6641"}],"curies":[{"name":"wp","href":"https:\/\/api.w.org\/{rel}","templated":true}]}}