{"id":6625,"date":"2024-09-04T17:01:14","date_gmt":"2024-09-05T00:01:14","guid":{"rendered":"https:\/\/chicasmom.org\/?page_id=6625"},"modified":"2024-09-05T21:42:08","modified_gmt":"2024-09-06T04:42:08","slug":"msm-distribucion-de-panales","status":"publish","type":"page","link":"https:\/\/chicasmom.org\/es\/msm-distribucion-de-panales\/","title":{"rendered":"MSM &#8211; Distribuci\u00f3n de Pa\u00f1ales:"},"content":{"rendered":"<div class=\"gb-container gb-container-ee36734c\">\n\n<p class=\"\">Proporcionamos pa\u00f1ales a familias necesitadas, reconociendo que son una necesidad b\u00e1sica y representan un gasto considerable para muchas de ellas. Nuestro objetivo es garantizar que cada beb\u00e9 tenga acceso a los pa\u00f1ales necesarios, contribuyendo a su salud y bienestar general.<\/p>\n\n\n<div class=\"gb-container gb-container-12edf94b\">\n\n<p class=\"\">Puedes donar a trav\u00e9s del bot\u00f3n Donar. Si prefieres otras opciones, tambi\u00e9n aceptamos donaciones en efectivo, cheque o mediante Zelle. A continuaci\u00f3n, te explicamos c\u00f3mo hacerlo:&nbsp;<a href=\"https:\/\/chicasmom.org\/wp-content\/uploads\/2024\/08\/CMI_FORM_CM15_-_Donors-Support_Application.pdf\" target=\"_blank\" rel=\"noreferrer noopener\">click aqui<\/a><\/p>\n\n\n\n<div style=\"position:relative;overflow:hidden;width:100%;padding-top:120px;\"><iframe title='Donation form powered by Zeffy' style='position: absolute; border: 0; top:0;left:0;bottom:0;right:0;width:100%;height:120px' src='https:\/\/www.zeffy.com\/es-US\/embed\/thermometer\/d599dfde-d4ae-4088-8df7-02ca6bfe28dd'  allowTransparency=\"true\"><\/iframe><\/div>\n\n<\/div>\n\n\n<div class=\"wp-block-columns is-layout-flex wp-container-core-columns-is-layout-9d6595d7 wp-block-columns-is-layout-flex\">\n<div class=\"wp-block-column is-layout-flow wp-block-column-is-layout-flow\"><div class=\"gb-container gb-container-d30acc0a\">\n\n<button class=\"zeffy-btn\" zeffy-form-link=\"https:\/\/www.zeffy.com\/es-US\/peer-to-peer\/d599dfde-d4ae-4088-8df7-02ca6bfe28dd?modal=true\"\">\n            Donar\n        <\/button>\n\n<\/div><\/div>\n\n\n\n<div class=\"wp-block-column is-layout-flow wp-block-column-is-layout-flow\">\n<div style=\"position:relative;overflow:hidden;width:100%;padding-top:240px;\"><iframe title='Donation form powered by Zeffy' style='position: absolute; border: 0; top:0;left:0;bottom:0;right:0;width:100%;height:100%' src='https:\/\/www.zeffy.com\/es-US\/embed\/leaderboard\/d599dfde-d4ae-4088-8df7-02ca6bfe28dd'  allowTransparency=\"true\"><\/iframe><\/div>\n<\/div>\n<\/div>\n\n<\/div>","protected":false},"excerpt":{"rendered":"<div class=\"entry-summary\">\nProporcionamos pa\u00f1ales a familias necesitadas, reconociendo que son una necesidad b\u00e1sica y representan un gasto considerable para muchas de ellas. Nuestro objetivo es garantizar que cada beb\u00e9 tenga acceso a los pa\u00f1ales necesarios, contribuyendo a su salud y bienestar general.&hellip;\n<\/div>\n<div class=\"link-more\"><a href=\"https:\/\/chicasmom.org\/es\/msm-distribucion-de-panales\/\" class=\"more-link\">Continue reading<span class=\"screen-reader-text\"> &ldquo;MSM &#8211; Distribuci\u00f3n de Pa\u00f1ales:&rdquo;<\/span>&hellip;<\/a><\/div>\n","protected":false},"author":6,"featured_media":0,"parent":0,"menu_order":0,"comment_status":"closed","ping_status":"closed","template":"","meta":{"_acf_changed":false,"_monsterinsights_skip_tracking":false,"_monsterinsights_sitenote_active":false,"_monsterinsights_sitenote_note":"","_monsterinsights_sitenote_category":0,"footnotes":""},"class_list":["post-6625","page","type-page","status-publish","hentry","entry"],"acf":[],"wps_subtitle":"","_links":{"self":[{"href":"https:\/\/chicasmom.org\/es\/wp-json\/wp\/v2\/pages\/6625","targetHints":{"allow":["GET"]}}],"collection":[{"href":"https:\/\/chicasmom.org\/es\/wp-json\/wp\/v2\/pages"}],"about":[{"href":"https:\/\/chicasmom.org\/es\/wp-json\/wp\/v2\/types\/page"}],"author":[{"embeddable":true,"href":"https:\/\/chicasmom.org\/es\/wp-json\/wp\/v2\/users\/6"}],"replies":[{"embeddable":true,"href":"https:\/\/chicasmom.org\/es\/wp-json\/wp\/v2\/comments?post=6625"}],"version-history":[{"count":5,"href":"https:\/\/chicasmom.org\/es\/wp-json\/wp\/v2\/pages\/6625\/revisions"}],"predecessor-version":[{"id":6710,"href":"https:\/\/chicasmom.org\/es\/wp-json\/wp\/v2\/pages\/6625\/revisions\/6710"}],"wp:attachment":[{"href":"https:\/\/chicasmom.org\/es\/wp-json\/wp\/v2\/media?parent=6625"}],"curies":[{"name":"wp","href":"https:\/\/api.w.org\/{rel}","templated":true}]}}