{"id":6610,"date":"2024-09-04T16:51:51","date_gmt":"2024-09-04T23:51:51","guid":{"rendered":"https:\/\/chicasmom.org\/?page_id=6610"},"modified":"2024-09-04T16:59:12","modified_gmt":"2024-09-04T23:59:12","slug":"mercadito-de-la-comunidad","status":"publish","type":"page","link":"https:\/\/chicasmom.org\/es\/mercadito-de-la-comunidad\/","title":{"rendered":"Mercadito de la Comunidad:"},"content":{"rendered":"<div class=\"gb-container gb-container-b9d9db69\">\n\n<p class=\"\">Gracias a las generosas donaciones de FEDEX, Chicas Mom Inc. organiza la venta de art\u00edculos de primera necesidad a precios reducidos, con el objetivo de hacerlos m\u00e1s accesibles para la comunidad. Los fondos recaudados a trav\u00e9s de estas ventas se destinan a apoyar las iniciativas y programas comunitarios que benefician a las familias locales.<\/p>\n\n<\/div>","protected":false},"excerpt":{"rendered":"<div class=\"entry-summary\">\nGracias a las generosas donaciones de FEDEX, Chicas Mom Inc. organiza la venta de art\u00edculos de primera necesidad a precios reducidos, con el objetivo de hacerlos m\u00e1s accesibles para la comunidad. Los fondos recaudados a trav\u00e9s de estas ventas se&hellip;\n<\/div>\n<div class=\"link-more\"><a href=\"https:\/\/chicasmom.org\/es\/mercadito-de-la-comunidad\/\" class=\"more-link\">Continue reading<span class=\"screen-reader-text\"> &ldquo;Mercadito de la Comunidad:&rdquo;<\/span>&hellip;<\/a><\/div>\n","protected":false},"author":6,"featured_media":0,"parent":0,"menu_order":0,"comment_status":"closed","ping_status":"closed","template":"","meta":{"_acf_changed":false,"_monsterinsights_skip_tracking":false,"_monsterinsights_sitenote_active":false,"_monsterinsights_sitenote_note":"","_monsterinsights_sitenote_category":0,"footnotes":""},"class_list":["post-6610","page","type-page","status-publish","hentry","entry"],"acf":[],"wps_subtitle":"","_links":{"self":[{"href":"https:\/\/chicasmom.org\/es\/wp-json\/wp\/v2\/pages\/6610","targetHints":{"allow":["GET"]}}],"collection":[{"href":"https:\/\/chicasmom.org\/es\/wp-json\/wp\/v2\/pages"}],"about":[{"href":"https:\/\/chicasmom.org\/es\/wp-json\/wp\/v2\/types\/page"}],"author":[{"embeddable":true,"href":"https:\/\/chicasmom.org\/es\/wp-json\/wp\/v2\/users\/6"}],"replies":[{"embeddable":true,"href":"https:\/\/chicasmom.org\/es\/wp-json\/wp\/v2\/comments?post=6610"}],"version-history":[{"count":4,"href":"https:\/\/chicasmom.org\/es\/wp-json\/wp\/v2\/pages\/6610\/revisions"}],"predecessor-version":[{"id":6621,"href":"https:\/\/chicasmom.org\/es\/wp-json\/wp\/v2\/pages\/6610\/revisions\/6621"}],"wp:attachment":[{"href":"https:\/\/chicasmom.org\/es\/wp-json\/wp\/v2\/media?parent=6610"}],"curies":[{"name":"wp","href":"https:\/\/api.w.org\/{rel}","templated":true}]}}