{"id":4383,"date":"2021-11-06T13:38:23","date_gmt":"2021-11-06T20:38:23","guid":{"rendered":"https:\/\/chicasmom.org\/formulario-de-contacto-de-socio-patrocinador\/"},"modified":"2021-11-06T17:38:50","modified_gmt":"2021-11-07T00:38:50","slug":"formulario-de-contacto-de-socio-patrocinador","status":"publish","type":"page","link":"https:\/\/chicasmom.org\/es\/formulario-de-contacto-de-socio-patrocinador\/","title":{"rendered":"Formulario de contacto de socio \/ patrocinador"},"content":{"rendered":"\n<figure class=\"wp-block-image size-large is-resized\"><img loading=\"lazy\" decoding=\"async\" src=\"https:\/\/chicasmom.org\/wp-content\/uploads\/2020\/11\/dainty-floral-youtube-thumbnail-1024x576.png\" alt=\"Una mujer se sienta en un escritorio usando una computadora port\u00e1til. Las palabras &quot;Chicas Mom Helping the Community&quot; se muestran en letra cursiva en la esquina superior izquierda.\" class=\"wp-image-180\" width=\"839\" height=\"471\" srcset=\"https:\/\/chicasmom.org\/wp-content\/uploads\/2020\/11\/dainty-floral-youtube-thumbnail-1024x576.png 1024w, https:\/\/chicasmom.org\/wp-content\/uploads\/2020\/11\/dainty-floral-youtube-thumbnail-600x338.png 600w, https:\/\/chicasmom.org\/wp-content\/uploads\/2020\/11\/dainty-floral-youtube-thumbnail-300x169.png 300w, https:\/\/chicasmom.org\/wp-content\/uploads\/2020\/11\/dainty-floral-youtube-thumbnail-768x432.png 768w, https:\/\/chicasmom.org\/wp-content\/uploads\/2020\/11\/dainty-floral-youtube-thumbnail.png 1280w\" sizes=\"auto, (max-width: 839px) 100vw, 839px\" \/><\/figure>\n\n\n\n<h2 class=\"wp-block-heading\">Formulario de Contacto de Socio\/Patrocinador<\/h2>\n\n\n\n<p>Si desea patrocinar a Chicas Mom o Asociarse con nosotros, complete este formulario para que podamos ponernos en contacto con usted para seguir adelante. \u00a1Gracias!<\/p>\n\n\n<div class=\"wpforms-container wpforms-container-full wpforms-block\" id=\"wpforms-4338\"><form id=\"wpforms-form-4338\" class=\"wpforms-validate wpforms-form\" data-formid=\"4338\" method=\"post\" enctype=\"multipart\/form-data\" action=\"\/es\/wp-json\/wp\/v2\/pages\/4383\" data-token=\"2972e02b5ebe3c586ca3139b506c4bb9\" data-token-time=\"1776967707\"><noscript class=\"wpforms-error-noscript\">Por favor, activa JavaScript en tu navegador para completar este formulario.<\/noscript><div class=\"wpforms-field-container\"><div id=\"wpforms-4338-field_1-container\" class=\"wpforms-field wpforms-field-text\" data-field-id=\"1\"><label class=\"wpforms-field-label\" for=\"wpforms-4338-field_1\"> Socio o nombre de la empresa<\/label><input type=\"text\" id=\"wpforms-4338-field_1\" class=\"wpforms-field-medium\" name=\"wpforms[fields][1]\" ><\/div><div id=\"wpforms-4338-field_2-container\" class=\"wpforms-field wpforms-field-text\" data-field-id=\"2\"><label class=\"wpforms-field-label\" for=\"wpforms-4338-field_2\">N\u00famero de tel\u00e9fono del socio o empresa<\/label><input type=\"text\" id=\"wpforms-4338-field_2\" class=\"wpforms-field-medium\" name=\"wpforms[fields][2]\" ><\/div><div id=\"wpforms-4338-field_3-container\" class=\"wpforms-field wpforms-field-text\" data-field-id=\"3\"><label class=\"wpforms-field-label\" for=\"wpforms-4338-field_3\">Direcci\u00f3n del socio o empresa<\/label><input type=\"text\" id=\"wpforms-4338-field_3\" class=\"wpforms-field-medium\" name=\"wpforms[fields][3]\" ><\/div><div id=\"wpforms-4338-field_10-container\" class=\"wpforms-field wpforms-field-text\" data-field-id=\"10\"><label class=\"wpforms-field-label\" for=\"wpforms-4338-field_10\">Nombre <span class=\"wpforms-required-label\">*<\/span><\/label><input type=\"text\" id=\"wpforms-4338-field_10\" class=\"wpforms-field-medium wpforms-field-required\" name=\"wpforms[fields][10]\" required><\/div><div id=\"wpforms-4338-field_11-container\" class=\"wpforms-field wpforms-field-text\" data-field-id=\"11\"><label class=\"wpforms-field-label\" for=\"wpforms-4338-field_11\">Apellido <span class=\"wpforms-required-label\">*<\/span><\/label><input type=\"text\" id=\"wpforms-4338-field_11\" class=\"wpforms-field-medium wpforms-field-required\" name=\"wpforms[fields][11]\" required><\/div><div id=\"wpforms-4338-field_5-container\" class=\"wpforms-field wpforms-field-number\" data-field-id=\"5\"><label class=\"wpforms-field-label\" for=\"wpforms-4338-field_5\">Su tel\u00e9fono # <span class=\"wpforms-required-label\">*<\/span><\/label><input type=\"number\" id=\"wpforms-4338-field_5\" class=\"wpforms-field-medium wpforms-field-required\" name=\"wpforms[fields][5]\" step=\"any\" required><div class=\"wpforms-field-description\">N\u00famero de tel\u00e9fono con c\u00f3digo de \u00e1rea<\/div><\/div><div id=\"wpforms-4338-field_6-container\" class=\"wpforms-field wpforms-field-text\" data-field-id=\"6\"><label class=\"wpforms-field-label\" for=\"wpforms-4338-field_6\">Tu correo electr\u00f3nico <span class=\"wpforms-required-label\">*<\/span><\/label><input type=\"text\" id=\"wpforms-4338-field_6\" class=\"wpforms-field-medium wpforms-field-required\" name=\"wpforms[fields][6]\" required><\/div><div id=\"wpforms-4338-field_7-container\" class=\"wpforms-field wpforms-field-radio\" data-field-id=\"7\"><label class=\"wpforms-field-label\">Que te gustar\u00eda hacer? <span class=\"wpforms-required-label\">*<\/span><\/label><ul id=\"wpforms-4338-field_7\" class=\"wpforms-field-required\"><li class=\"choice-1 depth-1\"><input type=\"radio\" id=\"wpforms-4338-field_7_1\" name=\"wpforms[fields][7]\" value=\"Patrocine un evento de Chicas Mom\" required ><label class=\"wpforms-field-label-inline\" for=\"wpforms-4338-field_7_1\">Patrocine un evento de Chicas Mom<\/label><\/li><li class=\"choice-2 depth-1\"><input type=\"radio\" id=\"wpforms-4338-field_7_2\" name=\"wpforms[fields][7]\" value=\"As\u00f3ciese con Chicas Mom\" required ><label class=\"wpforms-field-label-inline\" for=\"wpforms-4338-field_7_2\">As\u00f3ciese con Chicas Mom<\/label><\/li><\/ul><\/div><div id=\"wpforms-4338-field_8-container\" class=\"wpforms-field wpforms-field-radio\" data-field-id=\"8\"><label class=\"wpforms-field-label\"> La mejor manera de ponerse en contacto con usted? <span class=\"wpforms-required-label\">*<\/span><\/label><ul id=\"wpforms-4338-field_8\" class=\"wpforms-field-required\"><li class=\"choice-1 depth-1\"><input type=\"radio\" id=\"wpforms-4338-field_8_1\" name=\"wpforms[fields][8]\" value=\"Tel\u00e9fono\" required ><label class=\"wpforms-field-label-inline\" for=\"wpforms-4338-field_8_1\">Tel\u00e9fono<\/label><\/li><li class=\"choice-2 depth-1\"><input type=\"radio\" id=\"wpforms-4338-field_8_2\" name=\"wpforms[fields][8]\" value=\"Correo electr\u00f3nico\" required ><label class=\"wpforms-field-label-inline\" for=\"wpforms-4338-field_8_2\">Correo electr\u00f3nico<\/label><\/li><li class=\"choice-3 depth-1\"><input type=\"radio\" id=\"wpforms-4338-field_8_3\" name=\"wpforms[fields][8]\" value=\"Cualquiera esta bien\" required ><label class=\"wpforms-field-label-inline\" for=\"wpforms-4338-field_8_3\">Cualquiera esta bien<\/label><\/li><\/ul><\/div><div id=\"wpforms-4338-field_9-container\" class=\"wpforms-field wpforms-field-textarea\" data-field-id=\"9\"><label class=\"wpforms-field-label\" for=\"wpforms-4338-field_9\">Cu\u00e9ntenos brevemente un poco m\u00e1s sobre c\u00f3mo puede ayudar o qu\u00e9 le gustar\u00eda hacer. <span class=\"wpforms-required-label\">*<\/span><\/label><textarea id=\"wpforms-4338-field_9\" class=\"wpforms-field-medium wpforms-field-required\" name=\"wpforms[fields][9]\" required><\/textarea><\/div><\/div><!-- .wpforms-field-container --><div class=\"wpforms-submit-container\" ><input type=\"hidden\" name=\"wpforms[id]\" value=\"4338\"><input type=\"hidden\" name=\"page_title\" value=\"\"><input type=\"hidden\" name=\"page_url\" value=\"https:\/\/chicasmom.org\/es\/wp-json\/wp\/v2\/pages\/4383\"><input type=\"hidden\" name=\"url_referer\" value=\"\"><button type=\"submit\" name=\"wpforms[submit]\" id=\"wpforms-submit-4338\" class=\"wpforms-submit\" data-alt-text=\"Enviando...\" data-submit-text=\"Enviar\" aria-live=\"assertive\" value=\"wpforms-submit\">Enviar<\/button><\/div><\/form><\/div>  <!-- .wpforms-container -->","protected":false},"excerpt":{"rendered":"<div class=\"entry-summary\">\nFormulario de Contacto de Socio\/Patrocinador Si desea patrocinar a Chicas Mom o Asociarse con nosotros, complete este formulario para que podamos ponernos en contacto con usted para seguir adelante. \u00a1Gracias!\n<\/div>\n<div class=\"link-more\"><a href=\"https:\/\/chicasmom.org\/es\/formulario-de-contacto-de-socio-patrocinador\/\" class=\"more-link\">Continue reading<span class=\"screen-reader-text\"> &ldquo;Formulario de contacto de socio \/ patrocinador&rdquo;<\/span>&hellip;<\/a><\/div>\n","protected":false},"author":7,"featured_media":0,"parent":0,"menu_order":0,"comment_status":"closed","ping_status":"closed","template":"","meta":{"_acf_changed":false,"_monsterinsights_skip_tracking":false,"_monsterinsights_sitenote_active":false,"_monsterinsights_sitenote_note":"","_monsterinsights_sitenote_category":0,"footnotes":""},"class_list":["post-4383","page","type-page","status-publish","hentry","entry"],"acf":[],"wps_subtitle":"","_links":{"self":[{"href":"https:\/\/chicasmom.org\/es\/wp-json\/wp\/v2\/pages\/4383","targetHints":{"allow":["GET"]}}],"collection":[{"href":"https:\/\/chicasmom.org\/es\/wp-json\/wp\/v2\/pages"}],"about":[{"href":"https:\/\/chicasmom.org\/es\/wp-json\/wp\/v2\/types\/page"}],"author":[{"embeddable":true,"href":"https:\/\/chicasmom.org\/es\/wp-json\/wp\/v2\/users\/7"}],"replies":[{"embeddable":true,"href":"https:\/\/chicasmom.org\/es\/wp-json\/wp\/v2\/comments?post=4383"}],"version-history":[{"count":7,"href":"https:\/\/chicasmom.org\/es\/wp-json\/wp\/v2\/pages\/4383\/revisions"}],"predecessor-version":[{"id":4495,"href":"https:\/\/chicasmom.org\/es\/wp-json\/wp\/v2\/pages\/4383\/revisions\/4495"}],"wp:attachment":[{"href":"https:\/\/chicasmom.org\/es\/wp-json\/wp\/v2\/media?parent=4383"}],"curies":[{"name":"wp","href":"https:\/\/api.w.org\/{rel}","templated":true}]}}