{"id":2703,"date":"2021-10-07T07:41:29","date_gmt":"2021-10-07T14:41:29","guid":{"rendered":"https:\/\/chicasmom.org\/conviertete-en-una-chica-2\/"},"modified":"2024-08-08T15:51:26","modified_gmt":"2024-08-08T22:51:26","slug":"voluntarios","status":"publish","type":"page","link":"https:\/\/chicasmom.org\/es\/voluntarios\/","title":{"rendered":"Voluntarios"},"content":{"rendered":"\n<p class=\"\"><\/p>\n\n\n\n<div class=\"wp-block-group\"><div class=\"wp-block-group__inner-container is-layout-flow wp-block-group-is-layout-flow\">\n<div class=\"wp-block-columns is-layout-flex wp-container-core-columns-is-layout-9d6595d7 wp-block-columns-is-layout-flex\">\n<div class=\"wp-block-column is-layout-flow wp-block-column-is-layout-flow\" style=\"flex-basis:100%\">\n<div class=\"wp-block-cover\"><span aria-hidden=\"true\" class=\"wp-block-cover__background has-background-dim\"><\/span><img loading=\"lazy\" decoding=\"async\" width=\"1284\" height=\"501\" class=\"wp-block-cover__image-background wp-image-3863\" alt=\"\" src=\"https:\/\/chicasmom.org\/wp-content\/uploads\/2021\/10\/education-for-everyone-hero-image.png\" data-object-fit=\"cover\" srcset=\"https:\/\/chicasmom.org\/wp-content\/uploads\/2021\/10\/education-for-everyone-hero-image.png 1284w, https:\/\/chicasmom.org\/wp-content\/uploads\/2021\/10\/education-for-everyone-hero-image-600x234.png 600w, https:\/\/chicasmom.org\/wp-content\/uploads\/2021\/10\/education-for-everyone-hero-image-818x319.png 818w\" sizes=\"auto, (max-width: 1284px) 100vw, 1284px\" \/><div class=\"wp-block-cover__inner-container is-layout-flow wp-block-cover-is-layout-flow\">\n<p class=\"has-text-align-center has-large-font-size\"><\/p>\n<\/div><\/div>\n<\/div>\n<\/div>\n<\/div><\/div>\n\n\n<div class=\"gb-grid-wrapper gb-grid-wrapper-949f7f7e\">\n<div class=\"gb-grid-column gb-grid-column-583e876b\"><div class=\"gb-container gb-container-583e876b\"><div class=\"gb-inside-container\">\n\n<div class=\"wp-block-columns is-layout-flex wp-container-core-columns-is-layout-9d6595d7 wp-block-columns-is-layout-flex\">\n<div class=\"wp-block-column is-layout-flow wp-block-column-is-layout-flow\" style=\"flex-basis:100%\">\n<p class=\"\">En Chicas Mom, siempre estamos buscando expandir nuestra familia. No importa qui\u00e9n seas, te recibimos con los brazos abiertos. No discriminamos, aqu\u00ed damos la oportunidad de ser voluntario sin distinci\u00f3n de tu raza, etnia, g\u00e9nero, religi\u00f3n, sexo, edad, etc. <\/p>\n<\/div>\n<\/div>\n\n\n\n<p class=\"has-text-align-center\">Ser parte de Chicas Mom significa que est\u00e1s dando un paso vital para un futuro mejor, con la esperanza de mejorar tus lazos comunitarios y mejorar las vidas de las mujeres hispanas y sus familias.<\/p>\n\n<\/div><\/div><\/div>\n<\/div>\n\n\n<div style=\"height:36px\" aria-hidden=\"true\" class=\"wp-block-spacer\"><\/div>\n\n\n\n<p class=\"has-text-align-center\"><strong>Al ser voluntario, te comprometes a:<\/strong><\/p>\n\n\n<ul>\n<li>Puedes acordar el cu\u00e1ndo y c\u00f3mo y en que participaras con la junta directiva de Chicas Mom.<\/li>\n<li>Realiza las tareas que mas te acomoden seg\u00fan tu disponibilidad, intereses y preferencias.<\/li>\n<li>Nunca hacer da\u00f1o intencional, sabotear o robar de tu comunidad.<\/li>\n<li>Comun\u00edcate claramente con otros voluntarios sobre cualquier problema que pueda surgir.<\/li>\n<li>Siempre practicar la confidencialidad.<\/li>\n<li>Hacer conexiones y amistades duraderas.<\/li>\n<\/ul>\n<p><!-- \/wp:post-content --><!-- wp:paragraph {\"align\":\"center\"} --><\/p>\n<p><!-- \/wp:paragraph --><\/p>\n<p><!-- wp:spacer {\"height\":\"21px\"} --><\/p>\n<div class=\"wp-block-spacer\" style=\"height: 21px;\" aria-hidden=\"true\">\u00a0<\/div>\n<p><!-- \/wp:spacer --><\/p>\n<p><!-- wp:generateblocks\/grid {\"uniqueId\":\"9f1bfcac\",\"columns\":2,\"horizontalGap\":30,\"isDynamic\":true,\"blockVersion\":2} --><br \/><!-- wp:generateblocks\/container {\"uniqueId\":\"a712c2ab\",\"isGrid\":true,\"gridId\":\"9f1bfcac\",\"width\":50,\"widthMobile\":100,\"paddingTop\":\"0\",\"paddingRight\":\"0\",\"paddingBottom\":\"0\",\"paddingLeft\":\"0\",\"alignment\":\"center\",\"isDynamic\":true,\"blockVersion\":2} --><br \/><!-- wp:cover {\"url\":\"https:\/\/chicasmom.org\/wp-content\/uploads\/2021\/10\/became-chica.jpg\",\"id\":3891,\"dimRatio\":50,\"isDark\":false} --><\/p>\n<div class=\"wp-block-cover is-light\">\n<p><img loading=\"lazy\" decoding=\"async\" width=\"600\" height=\"400\" class=\"wp-block-cover__image-background wp-image-3891\" src=\"https:\/\/chicasmom.org\/wp-content\/uploads\/2021\/10\/became-chica.jpg\" alt=\"\" data-object-fit=\"cover\" \/><\/p>\n<div class=\"wp-block-cover__inner-container\">\n<p><!-- wp:paragraph {\"align\":\"center\",\"placeholder\":\"Write title\u2026\",\"fontSize\":\"large\"} --><\/p>\n<p><!-- \/wp:paragraph --><\/p>\n<\/div>\n<\/div>\n<p><!-- \/wp:cover --><\/p>\n<p><!-- wp:spacer {\"height\":\"46px\"} --><\/p>\n<div class=\"wp-block-spacer\" style=\"height: 46px;\" aria-hidden=\"true\">\u00a0<\/div>\n<p><!-- \/wp:spacer --><\/p>\n<p><!-- wp:paragraph {\"align\":\"center\",\"fontSize\":\"medium\"} --><\/p>\n<p class=\"has-text-align-center has-medium-font-size\"><strong>\u00danete a nuestra comunidad<\/strong><\/p>\n<p><!-- \/wp:paragraph --><\/p>\n<p><!-- wp:paragraph {\"align\":\"center\"} --><\/p>\n<p class=\"has-text-align-center\">\u00a1\u00danase a nuestra lista de correo y sea el primero en conocer los pr\u00f3ximos eventos, reuniones, campa\u00f1as de ropa \/ comida \/ pa\u00f1ales, talleres y m\u00e1s!<\/p>\n<p><!-- \/wp:paragraph --><\/p>\n<p><!-- wp:spacer {\"height\":\"16px\"} --><\/p>\n<div class=\"wp-block-spacer\" style=\"height: 16px;\" aria-hidden=\"true\">\u00a0<\/div>\n<p><!-- \/wp:spacer --><\/p>\n<p><!-- wp:generateblocks\/button-container {\"uniqueId\":\"d4be3aab\",\"alignment\":\"center\",\"isDynamic\":true,\"blockVersion\":2} --><br \/><!-- wp:generateblocks\/button {\"uniqueId\":\"3da46046\",\"hasUrl\":true,\"backgroundColor\":\"#88176a\",\"textColor\":\"#ffffff\",\"backgroundColorHover\":\"#222222\",\"textColorHover\":\"#ffffff\",\"paddingTop\":\"15\",\"paddingRight\":\"20\",\"paddingBottom\":\"15\",\"paddingLeft\":\"20\"} --><br \/><a class=\"gb-button gb-button-3da46046 gb-button-text\" href=\"#wpforms-4125\">Suscr\u00edbete Aqu\u00ed<\/a><br \/><!-- \/wp:generateblocks\/button --><br \/><!-- \/wp:generateblocks\/button-container --><br \/><!-- \/wp:generateblocks\/container --><\/p>\n<p><!-- wp:generateblocks\/container {\"uniqueId\":\"bbeec024\",\"isGrid\":true,\"gridId\":\"9f1bfcac\",\"width\":50,\"widthMobile\":100,\"paddingTop\":\"0\",\"paddingRight\":\"0\",\"paddingBottom\":\"0\",\"paddingLeft\":\"0\",\"alignment\":\"center\",\"isDynamic\":true,\"blockVersion\":2} --><br \/><!-- wp:cover {\"url\":\"https:\/\/chicasmom.org\/wp-content\/uploads\/2021\/10\/workshop.jpg\",\"id\":3893,\"dimRatio\":50} --><\/p>\n<div class=\"wp-block-cover\">\n<p><img loading=\"lazy\" decoding=\"async\" width=\"600\" height=\"400\" class=\"wp-block-cover__image-background wp-image-3893\" src=\"https:\/\/chicasmom.org\/wp-content\/uploads\/2021\/10\/workshop.jpg\" alt=\"\" data-object-fit=\"cover\" \/><\/p>\n<div class=\"wp-block-cover__inner-container\">\n<p><!-- wp:paragraph {\"align\":\"center\",\"placeholder\":\"Write title\u2026\",\"fontSize\":\"large\"} --><\/p>\n<p><!-- \/wp:paragraph --><\/p>\n<\/div>\n<\/div>\n<p><!-- \/wp:cover --><\/p>\n<p><!-- wp:spacer {\"height\":\"43px\"} --><\/p>\n<div class=\"wp-block-spacer\" style=\"height: 43px;\" aria-hidden=\"true\">\u00a0<\/div>\n<p><!-- \/wp:spacer --><\/p>\n<p><!-- wp:paragraph {\"align\":\"center\",\"fontSize\":\"medium\"} --><\/p>\n<p class=\"has-text-align-center has-medium-font-size\"><strong>Dirigir un taller o evento<\/strong><\/p>\n<p><!-- \/wp:paragraph --><\/p>\n<p><!-- wp:paragraph {\"align\":\"center\"} --><\/p>\n<p class=\"has-text-align-center\">\u00bfTienes alguna especialidad o historia que quieras compartir con la comunidad? \u00bfQuieres ense\u00f1ar una clase continua sobre un tema que te apasiona? \u00a1Puede hablar en un evento o dirigir un taller con la ayuda de nuestros miembros de la junta!<\/p>\n<p><!-- \/wp:paragraph --><\/p>\n<p><!-- wp:paragraph --><\/p>\n<p>\u00a1Complete el formulario \u2018Convi\u00e9rtase en una chica\u2019 a continuaci\u00f3n e indique que le gustar\u00eda \u201cLiderar un taller o evento\u201d y cu\u00e9ntenos sobre sus habilidades!<\/p>\n<p><!-- \/wp:paragraph --><br \/><!-- \/wp:generateblocks\/container --><br \/><!-- \/wp:generateblocks\/grid --><\/p>\n<p><!-- wp:generateblocks\/grid {\"uniqueId\":\"a6035c2c\",\"columns\":2,\"horizontalGap\":30,\"isDynamic\":true,\"blockVersion\":2} --><br \/><!-- wp:generateblocks\/container {\"uniqueId\":\"bcffcdcd\",\"isGrid\":true,\"gridId\":\"9f1bfcac\",\"width\":50,\"widthMobile\":100,\"paddingTop\":\"0\",\"paddingRight\":\"0\",\"paddingBottom\":\"0\",\"paddingLeft\":\"0\",\"alignment\":\"center\",\"isDynamic\":true,\"blockVersion\":2} \/--><\/p>\n<p><!-- wp:generateblocks\/container {\"uniqueId\":\"5999c1a4\",\"isGrid\":true,\"gridId\":\"9f1bfcac\",\"width\":50,\"widthMobile\":100,\"paddingTop\":\"0\",\"paddingRight\":\"0\",\"paddingBottom\":\"0\",\"paddingLeft\":\"0\",\"alignment\":\"center\",\"isDynamic\":true,\"blockVersion\":2} \/--><br \/><!-- \/wp:generateblocks\/grid --><\/p>\n<p><!-- wp:spacer {\"height\":\"51px\"} --><\/p>\n<div class=\"wp-block-spacer\" style=\"height: 51px;\" aria-hidden=\"true\">\u00a0<\/div>\n<p><!-- \/wp:spacer --><\/p>\n<p><!-- wp:generateblocks\/container {\"uniqueId\":\"ce8905f7\",\"paddingTop\":\"40\",\"paddingRight\":\"40\",\"paddingBottom\":\"40\",\"paddingLeft\":\"40\",\"backgroundColor\":\"#88176a\",\"backgroundColorOpacity\":0.0899999999999999966693309261245303787291049957275390625,\"linkColor\":\"#0693e3\",\"linkColorHover\":\"#ffffff\",\"isDynamic\":true,\"blockVersion\":2} --><br \/><!-- wp:paragraph {\"align\":\"center\"} --><\/p>\n<p class=\"has-text-align-center\"><strong>\u00bfNo hablas espa\u00f1ol?<\/strong> No se preocupe \u2013 \u00a1Chicas Mom proporcionar\u00e1 el int\u00e9rprete!<\/p>\n<p><!-- wp:paragraph {\"align\":\"center\"} --><\/p>\n<p><!-- \/wp:paragraph --><\/p>\n<p><!-- wp:spacer {\"height\":\"6px\"} --><\/p>\n<p><!-- \/wp:spacer --><\/p>\n<h2 class=\"has-text-align-center\">\u00a0<\/h2>\n<p><!-- \/wp:paragraph --><\/p>\n<p><!-- wp:wpforms\/form-selector {\"formId\":\"5402\"} \/--><\/p>\n<p><!-- wp:wpforms\/form-selector {\"clientId\":\"9e24eab1-8ac0-44c0-80aa-78a24b48a14a\",\"formId\":\"5404\",\"copyPasteValue\":\"{\\u0022displayTitle\\u0022:false,\\u0022displayDesc\\u0022:false,\\u0022fieldSize\\u0022:\\u0022medium\\u0022,\\u0022fieldBorderRadius\\u0022:\\u00223px\\u0022,\\u0022fieldBackgroundColor\\u0022:\\u0022#ffffff\\u0022,\\u0022fieldBorderColor\\u0022:\\u0022rgba( 0, 0, 0, 0.25 )\\u0022,\\u0022fieldTextColor\\u0022:\\u0022rgba( 0, 0, 0, 0.7 )\\u0022,\\u0022labelSize\\u0022:\\u0022medium\\u0022,\\u0022labelColor\\u0022:\\u0022rgba( 0, 0, 0, 0.85 )\\u0022,\\u0022labelSublabelColor\\u0022:\\u0022rgba( 0, 0, 0, 0.55 )\\u0022,\\u0022labelErrorColor\\u0022:\\u0022#d63637\\u0022,\\u0022buttonSize\\u0022:\\u0022medium\\u0022,\\u0022buttonBorderRadius\\u0022:\\u00223px\\u0022,\\u0022buttonBackgroundColor\\u0022:\\u0022#066aab\\u0022,\\u0022buttonTextColor\\u0022:\\u0022#ffffff\\u0022}\"} \/--><\/p>\n<p><!-- wp:generateblocks\/grid {\"uniqueId\":\"f47a50e2\",\"columns\":1,\"isDynamic\":true,\"blockVersion\":3} --><br \/><!-- wp:generateblocks\/container {\"uniqueId\":\"c6c97fae\",\"isGrid\":true,\"gridId\":\"f47a50e2\",\"isDynamic\":true,\"blockVersion\":3,\"sizing\":{\"width\":\"75%\",\"widthMobile\":\"100%\"},\"paddingTop\":\"2\",\"paddingRight\":\"2\",\"paddingBottom\":\"2\",\"paddingLeft\":\"2\",\"borderSizeTop\":\"1\",\"borderSizeRight\":\"1\",\"borderSizeBottom\":\"1\",\"borderSizeLeft\":\"1\"} --><br \/><!-- wp:heading {\"textAlign\":\"center\"} --><\/p>\n<h2 class=\"wp-block-heading has-text-align-center\">Convi\u00e9rtete en una Chica<\/h2>\n<p><!-- \/wp:heading --><\/p>\n<p><!-- wp:wpforms\/form-selector {\"clientId\":\"5b27da1b-c24b-4f8e-b318-eccac37308cc\",\"formId\":\"5402\",\"copyPasteValue\":\"{\\u0022displayTitle\\u0022:false,\\u0022displayDesc\\u0022:false,\\u0022fieldSize\\u0022:\\u0022medium\\u0022,\\u0022fieldBorderRadius\\u0022:\\u00223px\\u0022,\\u0022fieldBackgroundColor\\u0022:\\u0022#ffffff\\u0022,\\u0022fieldBorderColor\\u0022:\\u0022rgba( 0, 0, 0, 0.25 )\\u0022,\\u0022fieldTextColor\\u0022:\\u0022rgba( 0, 0, 0, 0.7 )\\u0022,\\u0022labelSize\\u0022:\\u0022medium\\u0022,\\u0022labelColor\\u0022:\\u0022rgba( 0, 0, 0, 0.85 )\\u0022,\\u0022labelSublabelColor\\u0022:\\u0022rgba( 0, 0, 0, 0.55 )\\u0022,\\u0022labelErrorColor\\u0022:\\u0022#d63637\\u0022,\\u0022buttonSize\\u0022:\\u0022medium\\u0022,\\u0022buttonBorderRadius\\u0022:\\u00223px\\u0022,\\u0022buttonBackgroundColor\\u0022:\\u0022#066aab\\u0022,\\u0022buttonTextColor\\u0022:\\u0022#ffffff\\u0022}\"} \/--><br \/><!-- \/wp:generateblocks\/container --><br \/><!-- \/wp:generateblocks\/grid --><\/p>","protected":false},"excerpt":{"rendered":"<div class=\"entry-summary\">\nAl ser voluntario, te comprometes a: Puedes acordar el cu\u00e1ndo y c\u00f3mo y en que participaras con la junta directiva de Chicas Mom. Realiza las tareas que mas te acomoden seg\u00fan tu disponibilidad, intereses y preferencias. Nunca hacer da\u00f1o intencional,&hellip;\n<\/div>\n<div class=\"link-more\"><a href=\"https:\/\/chicasmom.org\/es\/voluntarios\/\" class=\"more-link\">Continue reading<span class=\"screen-reader-text\"> &ldquo;Voluntarios&rdquo;<\/span>&hellip;<\/a><\/div>\n","protected":false},"author":7,"featured_media":0,"parent":0,"menu_order":0,"comment_status":"closed","ping_status":"closed","template":"","meta":{"_acf_changed":false,"_monsterinsights_skip_tracking":false,"_monsterinsights_sitenote_active":false,"_monsterinsights_sitenote_note":"","_monsterinsights_sitenote_category":0,"footnotes":""},"class_list":["post-2703","page","type-page","status-publish","hentry","entry"],"acf":[],"wps_subtitle":"","_links":{"self":[{"href":"https:\/\/chicasmom.org\/es\/wp-json\/wp\/v2\/pages\/2703","targetHints":{"allow":["GET"]}}],"collection":[{"href":"https:\/\/chicasmom.org\/es\/wp-json\/wp\/v2\/pages"}],"about":[{"href":"https:\/\/chicasmom.org\/es\/wp-json\/wp\/v2\/types\/page"}],"author":[{"embeddable":true,"href":"https:\/\/chicasmom.org\/es\/wp-json\/wp\/v2\/users\/7"}],"replies":[{"embeddable":true,"href":"https:\/\/chicasmom.org\/es\/wp-json\/wp\/v2\/comments?post=2703"}],"version-history":[{"count":6,"href":"https:\/\/chicasmom.org\/es\/wp-json\/wp\/v2\/pages\/2703\/revisions"}],"predecessor-version":[{"id":6805,"href":"https:\/\/chicasmom.org\/es\/wp-json\/wp\/v2\/pages\/2703\/revisions\/6805"}],"wp:attachment":[{"href":"https:\/\/chicasmom.org\/es\/wp-json\/wp\/v2\/media?parent=2703"}],"curies":[{"name":"wp","href":"https:\/\/api.w.org\/{rel}","templated":true}]}}