{"id":2702,"date":"2021-10-07T07:41:08","date_gmt":"2021-10-07T14:41:08","guid":{"rendered":"https:\/\/chicasmom.org\/aporta\/"},"modified":"2025-09-18T14:17:03","modified_gmt":"2025-09-18T21:17:03","slug":"donar","status":"publish","type":"page","link":"https:\/\/chicasmom.org\/es\/donar\/","title":{"rendered":"Donar"},"content":{"rendered":"<div class=\"gb-grid-wrapper gb-grid-wrapper-5471c21f\">\n<div class=\"gb-grid-column gb-grid-column-086ec575\"><div class=\"gb-container gb-container-086ec575\"><div class=\"gb-inside-container\">\n\n<h2 class=\"wp-block-heading\"><strong>Ayuda a Chicas Mom a Empoderar a las Mujeres Hispanas<\/strong><\/h2>\n\n\n\n<p class=\"has-small-font-size\">Gracias por interesarte en Chicas Mom. Al contribuir financieramente a nuestra organizaci\u00f3n, usted est\u00e1 pavimentando un futuro mejor para las mujeres hispanas.<br\/><br\/>Nuestro objetivo es equipar a tantas chicas como sea posible con los recursos adecuados, la educaci\u00f3n y el apoyo emocional que necesitan para prosperar. Nos distinguimos de otras organizaciones porque todos nuestros eventos, talleres y recursos se proporcionan en espa\u00f1ol.<br\/><br\/>Su donaci\u00f3n tendr\u00e1 un impacto directo en los costos asociados con los talleres mensuales, el pago de oradores, la financiaci\u00f3n de eventos y el suministro de suministros (computadoras, pa\u00f1ales, higiene personal, alimentos, etc.) para los miembros de la comunidad que lo necesiten. Consulte <a href=\"https:\/\/chicasmom.org\/es\/nuestro-impacto\/\"> nuestra p\u00e1gina impacto <\/a> para obtener m\u00e1s informaci\u00f3n.<br\/><br\/>Estamos extremadamente agradecidos de que podamos continuar mejorando nuestra comunidad juntos.<\/p>\n\n<\/div><\/div><\/div>\n\n<div class=\"gb-grid-column gb-grid-column-e7302090\"><div class=\"gb-container gb-container-e7302090\"><div class=\"gb-inside-container\">\n\n<figure class=\"wp-block-image size-full is-resized\"><img loading=\"lazy\" decoding=\"async\" width=\"710\" height=\"454\" src=\"https:\/\/chicasmom.org\/wp-content\/uploads\/2021\/10\/Figma-photo.png\" alt=\"Un grupo de manos con pintura roja formando un coraz&#xF3;n.&#13;&#10;&#13;&#10;\" class=\"wp-image-3837\" style=\"width:710px;height:454px\" srcset=\"https:\/\/chicasmom.org\/wp-content\/uploads\/2021\/10\/Figma-photo.png 710w, https:\/\/chicasmom.org\/wp-content\/uploads\/2021\/10\/Figma-photo-600x384.png 600w\" sizes=\"auto, (max-width: 710px) 100vw, 710px\" \/><\/figure>\n\n<\/div><\/div><\/div>\n<\/div>\n<div style=\"height:107px\" aria-hidden=\"true\" class=\"wp-block-spacer\"><\/div>\n\n<h2 class=\"wp-block-heading\"><\/h2>\n\n<div class=\"wp-block-columns is-layout-flex wp-container-core-columns-is-layout-9d6595d7 wp-block-columns-is-layout-flex\">\n<div class=\"wp-block-column is-layout-flow wp-block-column-is-layout-flow\">\n<button class=\"zeffy-btn\" zeffy-form-link=\"https:\/\/www.zeffy.com\/es-US\/embed\/donation-form\/b6ca158f-37fe-44f7-a85b-8c3e68bec296?modal=true\">\r\n            Donaci\u00f3n General\r\n        <\/button>\r\n\n\n\n<button class=\"zeffy-btn\" zeffy-form-link=\"https:\/\/www.zeffy.com\/es-US\/peer-to-peer\/c2b3ad9f-7d55-45f7-981e-cc0e650692e8?modal=true\">\r\n            Donar para la clase de computaci\u00f3n\r\n        <\/button>\r\n\n\n\n<button class=\"zeffy-form-link=\" zeffy-form-link=\"https:\/\/www.zeffy.com\/es-US\/peer-to-peer\/d599dfde-d4ae-4088-8df7-02ca6bfe28dd?modal=true\">\r\n           Donar para MSM &#8211; Distribuci\u00f3n de pa\u00f1ales\r\n        <\/button>\r\n\n\n\n<button class=\"zeffy-form-link=\"https:\/\/www.zeffy.com\/es-US\/peer-to-peer\/fc65a102-1a8b-4376-9382-e8ce59c71241?modal=true\"\">\r\n            Dona para el programa de Nutrici\u00f3n y el Proyecto Dulce\r\n        <\/button>\r\n<\/div>\n<\/div>\n\n<h2 class=\"wp-block-heading\"><strong>Otras Formas de Ayudar a Chicas Momm<\/strong><\/h2>\n\n<div style=\"height:37px\" aria-hidden=\"true\" class=\"wp-block-spacer\"><\/div>\n\n<div class=\"wp-block-buttons is-horizontal is-content-justification-left is-layout-flex wp-container-core-buttons-is-layout-7e5fce0a wp-block-buttons-is-layout-flex\"><\/div>\n<div class=\"gb-grid-wrapper gb-grid-wrapper-7addc9b4\">\n<div class=\"gb-grid-column gb-grid-column-068845d8\"><div class=\"gb-container gb-container-068845d8\"><div class=\"gb-inside-container\">\n\n<h3 class=\"wp-block-heading\">Voluntario<\/h3>\n\n\n\n<p>Si est\u00e1 buscando involucrarse con Chicas Mom, pero no puede contribuir financieramente en este momento, \u00a1\u00fanase a nuestra hoja de llamadas de voluntarios! Al hacerlo, nos permite ponernos en contacto con usted si y cuando necesitemos un par de manos adicionales para un evento, y puede comprometerse con tan pocas o muchas oportunidades como desee.<\/p>\n\n\n\n<p>Simplemente haga clic en el bot\u00f3n &#8216;Reg\u00edstrese como voluntario&#8217; a continuaci\u00f3n y complete su informaci\u00f3n y env\u00edenosla.<\/p>\n\n\n\n<p><\/p>\n\n\n\n<p><\/p>\n\n\n<div class=\"gb-button-wrapper gb-button-wrapper-610f4f94\">\n\n<a class=\"gb-button gb-button-37fc7057 gb-button-text\" href=\"\/conviertete-en-una-chica\/?lang=es#wpforms-4125-field_5\">Reg\u00edstrese como Voluntario<\/a>\n\n<\/div>\n<\/div><\/div><\/div>\n\n<div class=\"gb-grid-column gb-grid-column-c1938c57\"><div class=\"gb-container gb-container-c1938c57\"><div class=\"gb-inside-container\">\n\n<h3 class=\"wp-block-heading\">Socio o Patrocinador<\/h3>\n\n\n\n<p>Chicas Mom se asocia con una amplia variedad de empresas locales, representantes gubernamentales, miembros de la comunidad, otras organizaciones sin fines de lucro y m\u00e1s. Debido a nuestro enfoque hol\u00edstico para servir a la comunidad, apreciamos toda ayuda, m\u00e1s all\u00e1 de las contribuciones financieras.<\/p>\n\n\n\n<p>Tambi\u00e9n tenemos una gran pasi\u00f3n por la colaboraci\u00f3n, y estamos felices de utilizar nuestra plataforma y conexiones con fines de divulgaci\u00f3n. Juntos, esperamos hacer una comunidad m\u00e1s fuerte.<\/p>\n\n\n<div class=\"gb-button-wrapper gb-button-wrapper-1e2ee7ae\">\n\n<a class=\"gb-button gb-button-e82f1e49 gb-button-text\" href=\"https:\/\/chicasmom.org\/es\/formulario-de-contacto-de-socio-patrocinador\/?lang=es\">Patrocine o As\u00f3ciese con Nosotros<\/a>\n\n<\/div>\n<\/div><\/div><\/div>\n<\/div>\n<div style=\"height:33px\" aria-hidden=\"true\" class=\"wp-block-spacer\"><\/div>\n<div class=\"gb-container gb-container-a013ce68\"><div class=\"gb-inside-container\"><\/div><\/div>","protected":false},"excerpt":{"rendered":"<div class=\"entry-summary\">\nDonaci\u00f3n General Donar para la clase de computaci\u00f3n Donar para MSM &#8211; Distribuci\u00f3n de pa\u00f1ales Dona para el programa de Nutrici\u00f3n y el Proyecto Dulce Otras Formas de Ayudar a Chicas Momm\n<\/div>\n<div class=\"link-more\"><a href=\"https:\/\/chicasmom.org\/es\/donar\/\" class=\"more-link\">Continue reading<span class=\"screen-reader-text\"> &ldquo;Donar&rdquo;<\/span>&hellip;<\/a><\/div>\n","protected":false},"author":7,"featured_media":0,"parent":0,"menu_order":0,"comment_status":"closed","ping_status":"closed","template":"","meta":{"_acf_changed":false,"_monsterinsights_skip_tracking":false,"_monsterinsights_sitenote_active":false,"_monsterinsights_sitenote_note":"","_monsterinsights_sitenote_category":0,"footnotes":""},"class_list":["post-2702","page","type-page","status-publish","hentry","entry"],"acf":[],"wps_subtitle":"","_links":{"self":[{"href":"https:\/\/chicasmom.org\/es\/wp-json\/wp\/v2\/pages\/2702","targetHints":{"allow":["GET"]}}],"collection":[{"href":"https:\/\/chicasmom.org\/es\/wp-json\/wp\/v2\/pages"}],"about":[{"href":"https:\/\/chicasmom.org\/es\/wp-json\/wp\/v2\/types\/page"}],"author":[{"embeddable":true,"href":"https:\/\/chicasmom.org\/es\/wp-json\/wp\/v2\/users\/7"}],"replies":[{"embeddable":true,"href":"https:\/\/chicasmom.org\/es\/wp-json\/wp\/v2\/comments?post=2702"}],"version-history":[{"count":12,"href":"https:\/\/chicasmom.org\/es\/wp-json\/wp\/v2\/pages\/2702\/revisions"}],"predecessor-version":[{"id":7020,"href":"https:\/\/chicasmom.org\/es\/wp-json\/wp\/v2\/pages\/2702\/revisions\/7020"}],"wp:attachment":[{"href":"https:\/\/chicasmom.org\/es\/wp-json\/wp\/v2\/media?parent=2702"}],"curies":[{"name":"wp","href":"https:\/\/api.w.org\/{rel}","templated":true}]}}