{"id":2700,"date":"2021-10-07T07:40:38","date_gmt":"2021-10-07T14:40:38","guid":{"rendered":"https:\/\/chicasmom.org\/nuestro-impacto\/"},"modified":"2022-05-05T22:59:23","modified_gmt":"2022-05-06T05:59:23","slug":"nuestro-impacto","status":"publish","type":"page","link":"https:\/\/chicasmom.org\/es\/nuestro-impacto\/","title":{"rendered":"Nuestro Impacto"},"content":{"rendered":"\n<div style=\"height:28px\" aria-hidden=\"true\" class=\"wp-block-spacer\"><\/div>\n\n\n\n<div class=\"wp-block-cover is-light\"><span aria-hidden=\"true\" class=\"has-black-background-color wp-block-cover__gradient-background has-background-dim\"><\/span><img loading=\"lazy\" decoding=\"async\" width=\"1320\" height=\"878\" class=\"wp-block-cover__image-background wp-image-4168\" alt=\"\" src=\"https:\/\/chicasmom.org\/wp-content\/uploads\/2021\/11\/aamir-suhail-ATlRqTCbvV4-unsplash-2-1320x878.jpg\" data-object-fit=\"cover\" srcset=\"https:\/\/chicasmom.org\/wp-content\/uploads\/2021\/11\/aamir-suhail-ATlRqTCbvV4-unsplash-2-1320x878.jpg 1320w, https:\/\/chicasmom.org\/wp-content\/uploads\/2021\/11\/aamir-suhail-ATlRqTCbvV4-unsplash-2-scaled-600x399.jpg 600w, https:\/\/chicasmom.org\/wp-content\/uploads\/2021\/11\/aamir-suhail-ATlRqTCbvV4-unsplash-2-818x544.jpg 818w, https:\/\/chicasmom.org\/wp-content\/uploads\/2021\/11\/aamir-suhail-ATlRqTCbvV4-unsplash-2-1536x1021.jpg 1536w, https:\/\/chicasmom.org\/wp-content\/uploads\/2021\/11\/aamir-suhail-ATlRqTCbvV4-unsplash-2-2048x1362.jpg 2048w\" sizes=\"auto, (max-width: 1320px) 100vw, 1320px\" \/><div class=\"wp-block-cover__inner-container is-layout-flow wp-block-cover-is-layout-flow\">\n<h2 class=\"has-text-align-center has-luminous-vivid-amber-color has-text-color has-large-font-size wp-block-heading\">Nuestro Impacto y Resultados<\/h2>\n\n\n\n<p class=\"has-text-align-center has-white-color has-text-color\">Con el tiempo, hemos impactado a m\u00e1s de 800 participantes recurrentes en nuestros programas. Estamos encantados de que nuestras iniciativas hayan impactado a nuestra comunidad de una manera tan positiva, y no podemos esperar para seguir avanzando.<\/p>\n<\/div><\/div>\n\n\n\n<p><\/p>\n\n\n<div class=\"gb-grid-wrapper gb-grid-wrapper-0af1e677\">\n<div class=\"gb-grid-column gb-grid-column-11058db7\"><div class=\"gb-container gb-container-11058db7\"><div class=\"gb-inside-container\">\n\n<div class=\"wp-block-cover aligncenter is-light\" style=\"min-height:404px;aspect-ratio:unset;\"><span aria-hidden=\"true\" class=\"has-background-dim-0 wp-block-cover__gradient-background has-background-dim\"><\/span><img loading=\"lazy\" decoding=\"async\" width=\"867\" height=\"1300\" class=\"wp-block-cover__image-background wp-image-3911\" alt=\"\" src=\"https:\/\/chicasmom.org\/wp-content\/uploads\/2021\/10\/pexels-photo-6348129.jpeg\" style=\"object-position:24% 27%\" data-object-fit=\"cover\" data-object-position=\"24% 27%\" srcset=\"https:\/\/chicasmom.org\/wp-content\/uploads\/2021\/10\/pexels-photo-6348129.jpeg 867w, https:\/\/chicasmom.org\/wp-content\/uploads\/2021\/10\/pexels-photo-6348129-600x900.jpeg 600w, https:\/\/chicasmom.org\/wp-content\/uploads\/2021\/10\/pexels-photo-6348129-818x1227.jpeg 818w\" sizes=\"auto, (max-width: 867px) 100vw, 867px\" \/><div class=\"wp-block-cover__inner-container is-layout-flow wp-block-cover-is-layout-flow\">\n<p class=\"has-large-font-size\"><\/p>\n<\/div><\/div>\n\n<\/div><\/div><\/div>\n\n<div class=\"gb-grid-column gb-grid-column-0861b0ec\"><div class=\"gb-container gb-container-0861b0ec\"><div class=\"gb-inside-container\">\n\n<h3 class=\"wp-block-heading\">Asistencia para la Pandemia de COVID-19<\/h3>\n\n\n\n<p>Debido a los eventos de la pandemia mundial, las oficinas de Chicas Mom cesaron sus actividades normales para prestar pleno apoyo a la comunidad, especialmente a los sectores m\u00e1s vulnerables que se vieron m\u00e1s afectados durante la cuarentena.<\/p>\n\n\n\n<p>Chicas Mom tuvo \u00e9xito en reunir a un total de 208 voluntarios para combinar esfuerzos, recursos y mano de obra con el fin de satisfacer las necesidades b\u00e1sicas de las familias necesitadas semanalmente. Los voluntarios se reun\u00edan continuamente para empacar y distribuir alimentos durante 3 meses. 700 familias se inscribieron en nuestros servicios y se les proporcion\u00f3 ayuda durante este per\u00edodo.<\/p>\n\n\n\n<p class=\"has-text-align-right\"><\/p>\n\n<\/div><\/div><\/div>\n<\/div>\n\n<div class=\"gb-grid-wrapper gb-grid-wrapper-da247b5c\">\n<div class=\"gb-grid-column gb-grid-column-7e586690\"><div class=\"gb-container gb-container-7e586690\"><div class=\"gb-inside-container\">\n\n<div class=\"wp-block-image is-style-default\"><figure class=\"aligncenter size-large\"><img loading=\"lazy\" decoding=\"async\" width=\"1320\" height=\"1650\" src=\"https:\/\/chicasmom.org\/wp-content\/uploads\/2021\/11\/fer-padilla-hkI1NEMN-RU-unsplash-1320x1650.jpg\" alt=\"Dos mujeres sentadas en el suelo, cada una con una mano hacia arriba, con la palma de la mano mirando hacia la c\u00e1mara. En sus palmas hay una escritura que dice &quot;Ni una menos&quot; y &quot;Yo si te creo&quot;. Ambos tambi\u00e9n tienen maquillaje en la cara hecho para parecer moretones en la boca y los ojos.\" class=\"wp-image-4211\" srcset=\"https:\/\/chicasmom.org\/wp-content\/uploads\/2021\/11\/fer-padilla-hkI1NEMN-RU-unsplash-1320x1650.jpg 1320w, https:\/\/chicasmom.org\/wp-content\/uploads\/2021\/11\/fer-padilla-hkI1NEMN-RU-unsplash-scaled-600x750.jpg 600w, https:\/\/chicasmom.org\/wp-content\/uploads\/2021\/11\/fer-padilla-hkI1NEMN-RU-unsplash-818x1023.jpg 818w, https:\/\/chicasmom.org\/wp-content\/uploads\/2021\/11\/fer-padilla-hkI1NEMN-RU-unsplash-1229x1536.jpg 1229w, https:\/\/chicasmom.org\/wp-content\/uploads\/2021\/11\/fer-padilla-hkI1NEMN-RU-unsplash-1638x2048.jpg 1638w, https:\/\/chicasmom.org\/wp-content\/uploads\/2021\/11\/fer-padilla-hkI1NEMN-RU-unsplash-scaled.jpg 2048w\" sizes=\"auto, (max-width: 1320px) 100vw, 1320px\" \/><\/figure><\/div>\n\n<\/div><\/div><\/div>\n\n<div class=\"gb-grid-column gb-grid-column-5d7c465e\"><div class=\"gb-container gb-container-5d7c465e\"><div class=\"gb-inside-container\">\n\n<h3 class=\"wp-block-heading\">Defensa de la Salud Mental<\/h3>\n\n\n\n<p>Chicas Mom reconoce el impacto en la salud mental que viene con las luchas financieras, dom\u00e9sticas y f\u00edsicas de la comunidad. Con la salud mental y la violencia dom\u00e9stica como una preocupaci\u00f3n de alta prioridad, comenzamos a organizar seminarios web, talleres informativos y servicios de divulgaci\u00f3n que abordan esas necesidades. A trav\u00e9s de un proceso sistem\u00e1tico de talleres educativos y servicios de extensi\u00f3n, promovemos el cambio en las personas e identificamos comportamientos correctivos que pueden conducir a un mejor estilo de vida y entorno familiar.<\/p>\n\n\n\n<p>Algunas de nuestras iniciativas anteriores para la defensa de la salud mental incluyen una asociaci\u00f3n con la divisi\u00f3n Foothill de LAPD y Centro Medico Olive View para promover y alentar los recursos de salud mental para los miembros de la comunidad a pesar de su estado migratorio. Adem\u00e1s, organizamos dos sesiones en l\u00ednea sobre c\u00f3mo combatir los efectos de la pandemia en el bienestar emocional con la ayuda del Departamento de Salud Mental del Condado de Los \u00c1ngeles.<\/p>\n\n\n\n<p class=\"has-text-align-right\"><\/p>\n\n<\/div><\/div><\/div>\n<\/div>\n\n<div class=\"gb-grid-wrapper gb-grid-wrapper-82a56ada\">\n<div class=\"gb-grid-column gb-grid-column-06b69405\"><div class=\"gb-container gb-container-06b69405\"><div class=\"gb-inside-container\">\n\n<figure class=\"wp-block-image size-full is-style-default\"><img loading=\"lazy\" decoding=\"async\" width=\"600\" height=\"900\" src=\"https:\/\/chicasmom.org\/wp-content\/uploads\/2021\/11\/street-vendorsss.png\" alt=\"Imagen de un vibrante mercado al aire libre, en su mayor\u00eda vac\u00edo, excepto por un hombre y una mujer caminando.\" class=\"wp-image-4224\"\/><\/figure>\n\n<\/div><\/div><\/div>\n\n<div class=\"gb-grid-column gb-grid-column-94083ad7\"><div class=\"gb-container gb-container-94083ad7\"><div class=\"gb-inside-container\">\n\n<h3 class=\"wp-block-heading\">Iniciativas Empresariales Locales<\/h3>\n\n\n\n<p>Las peque\u00f1as empresas son la columna vertebral del \u00e1rea del Valle de San Fernando en la que Chicas Mom tiene su sede. Muchos de nuestros asistentes y voluntarios son propietarios de peque\u00f1as empresas que se vieron muy afectados negativamente durante la pandemia. Chicas Mom vio que se necesitaba apoyo adicional durante este tiempo, y dedic\u00f3 tiempo y recursos para ayudar a este grupo demogr\u00e1fico.<\/p>\n\n\n\n<p>A trav\u00e9s de una asociaci\u00f3n con reconocidos entrenadores de vida, organizamos m\u00faltiples talleres especializados en ayudar a los propietarios de negocios y empresarios locales a alcanzar sus objetivos personales y comerciales en una pandemia. Adem\u00e1s, tuvimos un seminario virtual dirigido a los miembros de nuestra comunidad que perdieron sus negocios de venta ambulante durante el confinamiento. A los participantes se les ense\u00f1\u00f3 c\u00f3mo iniciar un negocio de ventas en l\u00ednea durante un momento de crisis y t\u00e9cnicas para el \u00e9xito. A los participantes tambi\u00e9n se les ense\u00f1aron t\u00e9cnicas sobre c\u00f3mo administrar mejor sus finanzas en la recesi\u00f3n econ\u00f3mica resultante debido a la p\u00e9rdida de empleos, el aumento de los costos de la vivienda, los bienes b\u00e1sicos y los alimentos.<\/p>\n\n\n\n<p class=\"has-text-align-right\"><\/p>\n\n<\/div><\/div><\/div>\n<\/div>\n\n\n<div style=\"height:26px\" aria-hidden=\"true\" class=\"wp-block-spacer\"><\/div>\n\n\n<div class=\"gb-container gb-container-a11d12e3\"><div class=\"gb-inside-container\">\n\n<p><\/p>\n\n\n\n<h2 class=\"wp-block-heading\">Programas de Promoci\u00f3n de Alcance 2021<\/h2>\n\n\n\n<figure class=\"wp-block-table is-style-stripes\"><table><thead><tr><th class=\"has-text-align-left\" data-align=\"left\">Descripci\u00f3n del Programa<\/th><th class=\"has-text-align-right\" data-align=\"right\"> <strong>Sesiones por Mes<\/strong> <\/th><th class=\"has-text-align-right\" data-align=\"right\"> <strong>Horas por Sesi\u00f3n<\/strong> <\/th><th class=\"has-text-align-right\" data-align=\"right\"> <strong>Tarifas del Presentador<\/strong> <\/th><th class=\"has-text-align-right\" data-align=\"right\"> <strong>Costos de Operaci\u00f3n<\/strong> <\/th><th class=\"has-text-align-right\" data-align=\"right\"> <strong>Costo Total<\/strong> <\/th><\/tr><\/thead><tbody><tr><td class=\"has-text-align-left\" data-align=\"left\">Nuestra Vida en Equilibrio: F\u00edsica + Mental<\/td><td class=\"has-text-align-right\" data-align=\"right\">6<\/td><td class=\"has-text-align-right\" data-align=\"right\">2<\/td><td class=\"has-text-align-right\" data-align=\"right\">$2,250.00<\/td><td class=\"has-text-align-right\" data-align=\"right\">$1,734.26<\/td><td class=\"has-text-align-right\" data-align=\"right\">$3,984.26<\/td><\/tr><tr><td class=\"has-text-align-left\" data-align=\"left\">\u00bfQu\u00e9 es el Internet? Aprendiendo esta Tecnolog\u00eda<\/td><td class=\"has-text-align-right\" data-align=\"right\">4<\/td><td class=\"has-text-align-right\" data-align=\"right\">2<\/td><td class=\"has-text-align-right\" data-align=\"right\">$1,000.00<\/td><td class=\"has-text-align-right\" data-align=\"right\">$1,156.18<\/td><td class=\"has-text-align-right\" data-align=\"right\">$2,156.18<\/td><\/tr><tr><td class=\"has-text-align-left\" data-align=\"left\">La Crianza de los Hijos y la Computadora: MS Office<\/td><td class=\"has-text-align-right\" data-align=\"right\">54<\/td><td class=\"has-text-align-right\" data-align=\"right\">2<\/td><td class=\"has-text-align-right\" data-align=\"right\">$7,260.00<\/td><td class=\"has-text-align-right\" data-align=\"right\">$15,608.38<\/td><td class=\"has-text-align-right\" data-align=\"right\">$22,868.38<\/td><\/tr><tr><td class=\"has-text-align-left\" data-align=\"left\">Mujer Empod\u00e9rate, Emprende, Invierte y Reinv\u00e9ntate<\/td><td class=\"has-text-align-right\" data-align=\"right\">4<\/td><td class=\"has-text-align-right\" data-align=\"right\">3<\/td><td class=\"has-text-align-right\" data-align=\"right\">$4,500.00<\/td><td class=\"has-text-align-right\" data-align=\"right\">$1,156.18<\/td><td class=\"has-text-align-right\" data-align=\"right\">$5,656.18<\/td><\/tr><tr><td class=\"has-text-align-left\" data-align=\"left\"><strong>TOTALES<\/strong><\/td><td class=\"has-text-align-right\" data-align=\"right\">68<\/td><td class=\"has-text-align-right\" data-align=\"right\">9<\/td><td class=\"has-text-align-right\" data-align=\"right\">$15,010.00<\/td><td class=\"has-text-align-right\" data-align=\"right\">$19,655.00<\/td><td class=\"has-text-align-right\" data-align=\"right\">$34,665.00<\/td><\/tr><\/tbody><\/table><\/figure>\n\n<\/div><\/div>","protected":false},"excerpt":{"rendered":"<div class=\"entry-summary\">\nProgramas de Promoci\u00f3n de Alcance 2021 Descripci\u00f3n del Programa Sesiones por Mes Horas por Sesi\u00f3n Tarifas del Presentador Costos de Operaci\u00f3n Costo Total Nuestra Vida en Equilibrio: F\u00edsica + Mental 6 2 $2,250.00 $1,734.26 $3,984.26 \u00bfQu\u00e9 es el Internet? Aprendiendo&hellip;\n<\/div>\n<div class=\"link-more\"><a href=\"https:\/\/chicasmom.org\/es\/nuestro-impacto\/\" class=\"more-link\">Continue reading<span class=\"screen-reader-text\"> &ldquo;Nuestro Impacto&rdquo;<\/span>&hellip;<\/a><\/div>\n","protected":false},"author":7,"featured_media":0,"parent":0,"menu_order":0,"comment_status":"closed","ping_status":"closed","template":"","meta":{"_acf_changed":false,"_monsterinsights_skip_tracking":false,"_monsterinsights_sitenote_active":false,"_monsterinsights_sitenote_note":"","_monsterinsights_sitenote_category":0,"footnotes":""},"class_list":["post-2700","page","type-page","status-publish","hentry","entry"],"acf":[],"wps_subtitle":"","_links":{"self":[{"href":"https:\/\/chicasmom.org\/es\/wp-json\/wp\/v2\/pages\/2700","targetHints":{"allow":["GET"]}}],"collection":[{"href":"https:\/\/chicasmom.org\/es\/wp-json\/wp\/v2\/pages"}],"about":[{"href":"https:\/\/chicasmom.org\/es\/wp-json\/wp\/v2\/types\/page"}],"author":[{"embeddable":true,"href":"https:\/\/chicasmom.org\/es\/wp-json\/wp\/v2\/users\/7"}],"replies":[{"embeddable":true,"href":"https:\/\/chicasmom.org\/es\/wp-json\/wp\/v2\/comments?post=2700"}],"version-history":[{"count":16,"href":"https:\/\/chicasmom.org\/es\/wp-json\/wp\/v2\/pages\/2700\/revisions"}],"predecessor-version":[{"id":5518,"href":"https:\/\/chicasmom.org\/es\/wp-json\/wp\/v2\/pages\/2700\/revisions\/5518"}],"wp:attachment":[{"href":"https:\/\/chicasmom.org\/es\/wp-json\/wp\/v2\/media?parent=2700"}],"curies":[{"name":"wp","href":"https:\/\/api.w.org\/{rel}","templated":true}]}}