{"id":2698,"date":"2021-10-07T07:40:14","date_gmt":"2021-10-07T14:40:14","guid":{"rendered":"https:\/\/chicasmom.org\/quienes-somos\/"},"modified":"2024-02-19T14:59:14","modified_gmt":"2024-02-19T22:59:14","slug":"quienes-somos","status":"publish","type":"page","link":"https:\/\/chicasmom.org\/es\/quienes-somos\/","title":{"rendered":"\u00bfQui\u00e9nes somos?"},"content":{"rendered":"<div class=\"gb-container gb-container-a351a537\"><div class=\"gb-inside-container\">\n\n<figure class=\"wp-block-embed is-type-video is-provider-youtube wp-block-embed-youtube wp-embed-aspect-16-9 wp-has-aspect-ratio\">\r\n<div class=\"wp-block-embed__wrapper\">https:\/\/youtu.be\/-LxpSLborXo<\/div><\/figure>\n\n<\/div><\/div>\n<h2 class=\"wp-block-heading\">Nuestra Misi\u00f3n<\/h2>\n\n<div class=\"wp-block-group\"><div class=\"wp-block-group__inner-container is-layout-flow wp-block-group-is-layout-flow\"><div class=\"gb-grid-wrapper gb-grid-wrapper-3795e4d2\">\n<div class=\"gb-grid-column gb-grid-column-4ae65c63\"><div class=\"gb-container gb-container-4ae65c63\"><div class=\"gb-inside-container\">\n\n<div style=\"height:100px\" aria-hidden=\"true\" class=\"wp-block-spacer\"><\/div>\n\n\n\n<p class=\"has-black-color has-text-color\">Chicas Mom, Inc. es una organizaci\u00f3n sin fines de lucro 501 (c) (3) que proporciona recursos para que las latinas se mejoren a s\u00ed mismas y a su comunidad.<\/p>\n\n\n\n<p class=\"has-black-color has-text-color\"><strong>Haga clic para encontrar todas las formas en que puede ayudar a Chicas Mom.<\/strong><\/p>\n\n\n<div class=\"gb-button-wrapper gb-button-wrapper-c7ac6341\">\n\n<a class=\"gb-button gb-button-27d83438 gb-button-text\" href=\"https:\/\/chicasmom.org\/aporta\/?lang=es\">Apoye nuestro trabajo<\/a>\n\n<\/div>\n<\/div><\/div><\/div>\n\n<div class=\"gb-grid-column gb-grid-column-35d7339e\"><div class=\"gb-container gb-container-35d7339e\"><div class=\"gb-inside-container\">\n\n<p class=\"\"><\/p>\n\n\n<div class=\"wp-block-image is-style-default\">\n<figure class=\"aligncenter size-large is-resized\"><img loading=\"lazy\" decoding=\"async\" width=\"1024\" height=\"576\" src=\"https:\/\/chicasmom.org\/wp-content\/uploads\/2020\/11\/group-pic-2-1024x576.jpg\" alt=\"Veintitr&#xE9;s adultos posando para una foto de grupo..\" class=\"wp-image-339\" style=\"width:764px;height:431px\" srcset=\"https:\/\/chicasmom.org\/wp-content\/uploads\/2020\/11\/group-pic-2-1024x576.jpg 1024w, https:\/\/chicasmom.org\/wp-content\/uploads\/2020\/11\/group-pic-2-scaled-600x338.jpg 600w, https:\/\/chicasmom.org\/wp-content\/uploads\/2020\/11\/group-pic-2-300x169.jpg 300w, https:\/\/chicasmom.org\/wp-content\/uploads\/2020\/11\/group-pic-2-768x432.jpg 768w, https:\/\/chicasmom.org\/wp-content\/uploads\/2020\/11\/group-pic-2-1536x864.jpg 1536w, https:\/\/chicasmom.org\/wp-content\/uploads\/2020\/11\/group-pic-2-2048x1152.jpg 2048w, https:\/\/chicasmom.org\/wp-content\/uploads\/2020\/11\/group-pic-2-1568x882.jpg 1568w\" sizes=\"auto, (max-width: 1024px) 100vw, 1024px\" \/><\/figure>\n<\/div>\n<\/div><\/div><\/div>\n<\/div>\n\n<div class=\"gb-grid-wrapper gb-grid-wrapper-daf49d8b\">\n<div class=\"gb-grid-column gb-grid-column-07c6cc37\"><div class=\"gb-container gb-container-07c6cc37\"><div class=\"gb-inside-container\">\n\n<div style=\"height:31px\" aria-hidden=\"true\" class=\"wp-block-spacer\"><\/div>\n\n<\/div><\/div><\/div>\n<\/div>\n\n\n<h2 class=\"wp-block-heading\">Qu\u00e9 Hacemos<\/h2>\n\n\n<div class=\"gb-grid-wrapper gb-grid-wrapper-4fad9f51\">\n<div class=\"gb-grid-column gb-grid-column-32d5b1fa\"><div class=\"gb-container gb-container-32d5b1fa\"><div class=\"gb-inside-container\">\n<div class=\"wp-block-image is-style-default\">\n<figure class=\"aligncenter size-full\"><img loading=\"lazy\" decoding=\"async\" width=\"600\" height=\"800\" src=\"https:\/\/chicasmom.org\/wp-content\/uploads\/2021\/11\/on-a-mission.png\" alt=\"Colecci&#xF3;n de palabras inspiradoras: Soy una mujer con la misi&#xF3;n de difundir el amor, vivir mi mejor vida y ayudar a las personas en su viaje hacia la salud.\" class=\"wp-image-4150\"\/><\/figure>\n<\/div>\n<\/div><\/div><\/div>\n\n<div class=\"gb-grid-column gb-grid-column-933ba81f\"><div class=\"gb-container gb-container-933ba81f\"><div class=\"gb-inside-container\">\n\n<p class=\"has-text-align-left\">Las latinas no solo son la columna vertebral del hogar, sino tambi\u00e9n de la comunidad de Los \u00c1ngeles. Sin embargo, las latinas ganan los <a href=\"https:\/\/www.pewresearch.org\/fact-tank\/2016\/07\/01\/racial-gender-wage-gaps-persist-in-u-s-despite-some-progress\/\">salarios m\u00e1s bajos<\/a> en los Estados Unidos, enfrentando barreras financieras que a menudo conducen a una angustia mental, luchas sociales e incluso peligro f\u00edsico. En Chicas Mom, creemos que es crucial que estas mujeres tengan acceso a educaci\u00f3n de calidad, recursos, sistemas de apoyo y obtengan un sentido de pertenencia para prosperar. Al proporcionar talleres educativos en espa\u00f1ol, seminarios, eventos sociales, campa\u00f1as de comida y ropa, facilitados por un grupo entusiasta de voluntarios, nuestros esfuerzos han demostrado la capacidad de cambiar vidas.&#13;\n&#13;\nTenemos un enfoque hol\u00edstico cuando se trata de empoderamiento, sabiendo que las luchas de nuestra comunidad van m\u00e1s all\u00e1 de la raza y el g\u00e9nero. Desde seminarios sobre licencias comerciales y conocimientos inform\u00e1ticos, hasta talleres sobre c\u00f3mo amarse a s\u00ed mismo y aumentar la confianza, sabemos que hay una gran cantidad de temas de los que nuestros miembros pueden obtener conocimientos. Con los recursos, el tiempo y el aliento adecuados, cada mujer debe salir de Chicas Mom sintiendo el respeto que siempre han merecido y la fuerza para romper barreras.<\/p>\n\n<\/div><\/div><\/div>\n<\/div>\n\n\n<h2 class=\"wp-block-heading\">Conozca al equipo<\/h2>\n\n\n<div class=\"gb-grid-wrapper gb-grid-wrapper-ecbe79d8\">\n<div class=\"gb-grid-column gb-grid-column-6aabcb76\"><div class=\"gb-container gb-container-6aabcb76\"><div class=\"gb-inside-container\">\n\n<div class=\"wp-block-group\"><div class=\"wp-block-group__inner-container is-layout-flow wp-block-group-is-layout-flow\">\n<p class=\"has-text-align-center has-white-color has-text-color has-background has-medium-font-size\" style=\"background-color:#255365\"><strong>Vivian Yochelson<\/strong><\/p>\n<\/div><\/div>\n\n\n\n<p class=\"\"><\/p>\n\n\n<div class=\"gb-grid-wrapper gb-grid-wrapper-031676ad\">\n<div class=\"gb-grid-column gb-grid-column-feefecde\"><div class=\"gb-container gb-container-feefecde\"><div class=\"gb-inside-container\">\n<div class=\"wp-block-image is-style-default\">\n<figure class=\"aligncenter size-full\"><img loading=\"lazy\" decoding=\"async\" width=\"1707\" height=\"2560\" src=\"https:\/\/chicasmom.org\/wp-content\/uploads\/2024\/02\/Vivian-board-scaled.jpg\" alt=\"\" class=\"wp-image-6340\" srcset=\"https:\/\/chicasmom.org\/wp-content\/uploads\/2024\/02\/Vivian-board-scaled.jpg 1707w, https:\/\/chicasmom.org\/wp-content\/uploads\/2024\/02\/Vivian-board-818x1227.jpg 818w, https:\/\/chicasmom.org\/wp-content\/uploads\/2024\/02\/Vivian-board-1320x1980.jpg 1320w\" sizes=\"auto, (max-width: 1707px) 100vw, 1707px\" \/><\/figure>\n<\/div>\n\n\n<p class=\"\"><\/p>\n\n\n\n<p class=\"has-text-align-center\"><strong>Presidenta &amp; Directora Ejecutiva<\/strong><\/p>\n\n\n\n<div class=\"wp-block-group\"><div class=\"wp-block-group__inner-container is-layout-flow wp-block-group-is-layout-flow\">\n<p class=\"has-text-align-center\"><strong>Contacto:<\/strong>&#13;\n<a href=\"mailto:Vivian@chicasmom.org\" target=\"_blank\" rel=\"noreferrer noopener\">Vivian@chicasmom.org<\/a><\/p>\n<\/div><\/div>\n\n<\/div><\/div><\/div>\n\n<div class=\"gb-grid-column gb-grid-column-d120a6d8\"><div class=\"gb-container gb-container-d120a6d8\"><div class=\"gb-inside-container\"><\/div><\/div><\/div>\n<\/div>\n<\/div><\/div><\/div>\n\n<div class=\"gb-grid-column gb-grid-column-0062af9a\"><div class=\"gb-container gb-container-0062af9a\"><div class=\"gb-inside-container\">\n\n<div class=\"wp-block-group\"><div class=\"wp-block-group__inner-container is-layout-flow wp-block-group-is-layout-flow\">\n<p class=\"has-text-align-center has-white-color has-text-color has-background has-medium-font-size\" style=\"background-color:#255365\"><strong>Gladys L. Duarte<\/strong><\/p>\n<\/div><\/div>\n\n\n\n<p class=\"\"><\/p>\n\n\n<div class=\"gb-grid-wrapper gb-grid-wrapper-1c4961db\">\n<div class=\"gb-grid-column gb-grid-column-819570a2\"><div class=\"gb-container gb-container-819570a2\"><div class=\"gb-inside-container\">\n<div class=\"wp-block-image is-style-default\">\n<figure class=\"aligncenter size-full\"><img loading=\"lazy\" decoding=\"async\" width=\"1707\" height=\"2560\" src=\"https:\/\/chicasmom.org\/wp-content\/uploads\/2024\/01\/Gladys-board-scaled.jpg\" alt=\"\" class=\"wp-image-6257\" srcset=\"https:\/\/chicasmom.org\/wp-content\/uploads\/2024\/01\/Gladys-board-scaled.jpg 1707w, https:\/\/chicasmom.org\/wp-content\/uploads\/2024\/01\/Gladys-board-818x1227.jpg 818w, https:\/\/chicasmom.org\/wp-content\/uploads\/2024\/01\/Gladys-board-1320x1980.jpg 1320w\" sizes=\"auto, (max-width: 1707px) 100vw, 1707px\" \/><\/figure>\n<\/div>\n\n\n<p class=\"\"><\/p>\n\n\n\n<p class=\"has-text-align-center\"><strong>Vicepresidenta &amp; Directora Financiera<\/strong><\/p>\n\n\n\n<div class=\"wp-block-group\"><div class=\"wp-block-group__inner-container is-layout-flow wp-block-group-is-layout-flow\">\n<p class=\"has-text-align-center\"><strong>Contacto:<\/strong> <a href=\"mailto:Gladys@chicasmom.org\" target=\"_blank\" rel=\"noreferrer noopener\">Gladys@chicasmom.org<\/a><\/p>\n<\/div><\/div>\n\n<\/div><\/div><\/div>\n<\/div>\n<\/div><\/div><\/div>\n\n<div class=\"gb-grid-column gb-grid-column-812a1a4f\"><div class=\"gb-container gb-container-812a1a4f\"><div class=\"gb-inside-container\">\n\n<div class=\"wp-block-group\"><div class=\"wp-block-group__inner-container is-layout-flow wp-block-group-is-layout-flow\">\n<p class=\"has-text-align-center has-white-color has-text-color has-background has-medium-font-size\" style=\"background-color:#255365\"><strong>Marleni Cervantes<\/strong><\/p>\n<\/div><\/div>\n\n\n\n<p class=\"\"><\/p>\n\n\n<div class=\"gb-grid-wrapper gb-grid-wrapper-84ff7084\">\n<div class=\"gb-grid-column gb-grid-column-c2669761\"><div class=\"gb-container gb-container-c2669761\"><div class=\"gb-inside-container\">\n<div class=\"wp-block-image is-style-default\">\n<figure class=\"aligncenter size-full\"><img loading=\"lazy\" decoding=\"async\" width=\"1707\" height=\"2560\" src=\"https:\/\/chicasmom.org\/wp-content\/uploads\/2024\/01\/Marleni-board-scaled.jpg\" alt=\"\" class=\"wp-image-6265\" srcset=\"https:\/\/chicasmom.org\/wp-content\/uploads\/2024\/01\/Marleni-board-scaled.jpg 1707w, https:\/\/chicasmom.org\/wp-content\/uploads\/2024\/01\/Marleni-board-818x1227.jpg 818w, https:\/\/chicasmom.org\/wp-content\/uploads\/2024\/01\/Marleni-board-1320x1980.jpg 1320w, https:\/\/chicasmom.org\/wp-content\/uploads\/2024\/01\/Marleni-board-1024x1536.jpg 1024w, https:\/\/chicasmom.org\/wp-content\/uploads\/2024\/01\/Marleni-board-1365x2048.jpg 1365w, https:\/\/chicasmom.org\/wp-content\/uploads\/2024\/01\/Marleni-board-600x900.jpg 600w\" sizes=\"auto, (max-width: 1707px) 100vw, 1707px\" \/><\/figure>\n<\/div>\n\n\n<p class=\"\"><\/p>\n\n\n\n<p class=\"has-text-align-center\"><strong>Secretaria Corporativa &amp; Directora<\/strong><\/p>\n\n\n\n<div class=\"wp-block-group\"><div class=\"wp-block-group__inner-container is-layout-flow wp-block-group-is-layout-flow\">\n<p class=\"has-text-align-center\"><strong>Contacto:<\/strong> <a href=\"mailto:Marleni@chicasmom.org\" target=\"_blank\" rel=\"noreferrer noopener\">Marleni@chicasmom.org<\/a><\/p>\n<\/div><\/div>\n\n<\/div><\/div><\/div>\n\n<div class=\"gb-grid-column gb-grid-column-81a54da5\"><div class=\"gb-container gb-container-81a54da5\"><div class=\"gb-inside-container\"><\/div><\/div><\/div>\n<\/div>\n<\/div><\/div><\/div>\n<\/div>\n\n\n<div style=\"height:100px\" aria-hidden=\"true\" class=\"wp-block-spacer\"><\/div>\n\n\n<div class=\"gb-grid-wrapper gb-grid-wrapper-05fb303d\">\n<div class=\"gb-grid-column gb-grid-column-faa4c8f5\"><div class=\"gb-container gb-container-faa4c8f5\"><div class=\"gb-inside-container\">\n\n<div class=\"wp-block-group\"><div class=\"wp-block-group__inner-container is-layout-flow wp-block-group-is-layout-flow\">\n<p class=\"has-text-align-center has-white-color has-text-color has-background has-medium-font-size\" style=\"background-color:#255365\"><strong>Hector Meza<\/strong><\/p>\n<\/div><\/div>\n\n\n\n<p class=\"\"><\/p>\n\n\n<div class=\"gb-grid-wrapper gb-grid-wrapper-60516bd6\">\n<div class=\"gb-grid-column gb-grid-column-48b0d090\"><div class=\"gb-container gb-container-48b0d090\"><div class=\"gb-inside-container\">\n<div class=\"wp-block-image is-style-default\">\n<figure class=\"aligncenter size-full\"><img loading=\"lazy\" decoding=\"async\" width=\"1707\" height=\"2560\" src=\"https:\/\/chicasmom.org\/wp-content\/uploads\/2024\/01\/Hector-board-scaled.jpg\" alt=\"\" class=\"wp-image-6261\" srcset=\"https:\/\/chicasmom.org\/wp-content\/uploads\/2024\/01\/Hector-board-scaled.jpg 1707w, https:\/\/chicasmom.org\/wp-content\/uploads\/2024\/01\/Hector-board-818x1227.jpg 818w, https:\/\/chicasmom.org\/wp-content\/uploads\/2024\/01\/Hector-board-1320x1980.jpg 1320w, https:\/\/chicasmom.org\/wp-content\/uploads\/2024\/01\/Hector-board-1024x1536.jpg 1024w, https:\/\/chicasmom.org\/wp-content\/uploads\/2024\/01\/Hector-board-1365x2048.jpg 1365w, https:\/\/chicasmom.org\/wp-content\/uploads\/2024\/01\/Hector-board-600x900.jpg 600w\" sizes=\"auto, (max-width: 1707px) 100vw, 1707px\" \/><\/figure>\n<\/div>\n\n\n<p class=\"\"><\/p>\n\n\n\n<p class=\"has-text-align-center\"><strong>Tesorero &amp; Director<\/strong><\/p>\n\n\n\n<div class=\"wp-block-group\"><div class=\"wp-block-group__inner-container is-layout-flow wp-block-group-is-layout-flow\">\n<p class=\"has-text-align-center\"><strong>Contact:<\/strong> <a href=\"hector@chicasmom.org\">Hector@chicasmom.org<\/a><\/p>\n<\/div><\/div>\n\n<\/div><\/div><\/div>\n\n<div class=\"gb-grid-column gb-grid-column-3777764f\"><div class=\"gb-container gb-container-3777764f\"><div class=\"gb-inside-container\"><\/div><\/div><\/div>\n<\/div>\n<\/div><\/div><\/div>\n\n<div class=\"gb-grid-column gb-grid-column-18c7915c\"><div class=\"gb-container gb-container-18c7915c\"><div class=\"gb-inside-container\">\n\n<div class=\"wp-block-group\"><div class=\"wp-block-group__inner-container is-layout-flow wp-block-group-is-layout-flow\">\n<p class=\"has-text-align-center has-white-color has-text-color has-background has-medium-font-size\" style=\"background-color:#255365\"><strong>Juliana Oceguera<\/strong><\/p>\n<\/div><\/div>\n\n\n\n<p class=\"\"><\/p>\n\n\n<div class=\"gb-grid-wrapper gb-grid-wrapper-cf224e73\">\n<div class=\"gb-grid-column gb-grid-column-754db692\"><div class=\"gb-container gb-container-754db692\"><div class=\"gb-inside-container\">\n\n<figure class=\"wp-block-image size-full\"><img loading=\"lazy\" decoding=\"async\" width=\"1707\" height=\"2560\" src=\"https:\/\/chicasmom.org\/wp-content\/uploads\/2024\/01\/Juliana-board-scaled.jpg\" alt=\"\" class=\"wp-image-6263\" srcset=\"https:\/\/chicasmom.org\/wp-content\/uploads\/2024\/01\/Juliana-board-scaled.jpg 1707w, https:\/\/chicasmom.org\/wp-content\/uploads\/2024\/01\/Juliana-board-818x1227.jpg 818w, https:\/\/chicasmom.org\/wp-content\/uploads\/2024\/01\/Juliana-board-1320x1980.jpg 1320w, https:\/\/chicasmom.org\/wp-content\/uploads\/2024\/01\/Juliana-board-1024x1536.jpg 1024w, https:\/\/chicasmom.org\/wp-content\/uploads\/2024\/01\/Juliana-board-1365x2048.jpg 1365w, https:\/\/chicasmom.org\/wp-content\/uploads\/2024\/01\/Juliana-board-600x900.jpg 600w\" sizes=\"auto, (max-width: 1707px) 100vw, 1707px\" \/><\/figure>\n\n\n\n<p class=\"\"><\/p>\n\n\n\n<p class=\"has-text-align-center\"><strong>Directora de Relaciones P\u00fablicas<\/strong><\/p>\n\n\n\n<div class=\"wp-block-group\"><div class=\"wp-block-group__inner-container is-layout-flow wp-block-group-is-layout-flow\">\n<p class=\"has-text-align-center\"><strong>Contact:<\/strong> <a href=\"mailto:juliana@chicasmom.org\">juliana@chicasmom.org<\/a><\/p>\n<\/div><\/div>\n\n<\/div><\/div><\/div>\n\n<div class=\"gb-grid-column gb-grid-column-41b44c00\"><div class=\"gb-container gb-container-41b44c00\"><div class=\"gb-inside-container\"><\/div><\/div><\/div>\n<\/div>\n<\/div><\/div><\/div>\n\n<div class=\"gb-grid-column gb-grid-column-277cef7c\"><div class=\"gb-container gb-container-277cef7c\"><div class=\"gb-inside-container\">\n\n<div class=\"wp-block-group\"><div class=\"wp-block-group__inner-container is-layout-flow wp-block-group-is-layout-flow\">\n<p class=\"has-text-align-center has-white-color has-text-color has-background has-medium-font-size\" style=\"background-color:#255365\">Martha Montalvan<\/p>\n<\/div><\/div>\n\n\n\n<p class=\"\"><\/p>\n\n\n<div class=\"gb-grid-wrapper gb-grid-wrapper-0ad3cb6a\">\n<div class=\"gb-grid-column gb-grid-column-bcac3394\"><div class=\"gb-container gb-container-bcac3394\"><div class=\"gb-inside-container\">\n<div class=\"wp-block-image is-style-default\">\n<figure class=\"aligncenter size-full\"><img loading=\"lazy\" decoding=\"async\" width=\"1707\" height=\"2560\" src=\"https:\/\/chicasmom.org\/wp-content\/uploads\/2024\/01\/Gaby-board-scaled.jpg\" alt=\"\" class=\"wp-image-6259\" srcset=\"https:\/\/chicasmom.org\/wp-content\/uploads\/2024\/01\/Gaby-board-scaled.jpg 1707w, https:\/\/chicasmom.org\/wp-content\/uploads\/2024\/01\/Gaby-board-818x1227.jpg 818w, https:\/\/chicasmom.org\/wp-content\/uploads\/2024\/01\/Gaby-board-1320x1980.jpg 1320w, https:\/\/chicasmom.org\/wp-content\/uploads\/2024\/01\/Gaby-board-1024x1536.jpg 1024w, https:\/\/chicasmom.org\/wp-content\/uploads\/2024\/01\/Gaby-board-1365x2048.jpg 1365w, https:\/\/chicasmom.org\/wp-content\/uploads\/2024\/01\/Gaby-board-600x900.jpg 600w\" sizes=\"auto, (max-width: 1707px) 100vw, 1707px\" \/><\/figure>\n<\/div>\n\n\n<p class=\"\"><\/p>\n\n\n\n<p class=\"has-text-align-center\"><strong>Directora de Alcance Comunitario<\/strong><\/p>\n\n\n\n<div class=\"wp-block-group\"><div class=\"wp-block-group__inner-container is-layout-flow wp-block-group-is-layout-flow\">\n<p class=\"has-text-align-center\"><strong>Contact:<\/strong> <a href=\"mailto:martha@chicasmom.org\">martha@chicasmom.org<\/a><\/p>\n<\/div><\/div>\n\n<\/div><\/div><\/div>\n\n<div class=\"gb-grid-column gb-grid-column-f4e8d0cf\"><div class=\"gb-container gb-container-f4e8d0cf\"><div class=\"gb-inside-container\"><\/div><\/div><\/div>\n<\/div>\n<\/div><\/div><\/div>\n<\/div>\n\n\n<div style=\"height:100px\" aria-hidden=\"true\" class=\"wp-block-spacer\"><\/div>\n<\/div><\/div>\n\n<h2 class=\"wp-block-heading\">C\u00f3mo empezamos<\/h2>\n<div class=\"gb-grid-wrapper gb-grid-wrapper-87610cbe\">\n<div class=\"gb-grid-column gb-grid-column-1938952d\"><div class=\"gb-container gb-container-1938952d\"><div class=\"gb-inside-container\">\n\n<p class=\"\">Chicas Mom comenz\u00f3 con un grupo de madres &#8211; Gladys Ayala, Maribel Garc\u00eda, Mirna Jim\u00e9nez y X\u00f3chitl Ram\u00edrez &#8211; apoyando a sus hijas que participan en el grupo de San Fernando Valley Partnership Inc., Chicas in Control and Succeeding (CH.I.C.A.S.); una iniciativa que empoder\u00f3 a las mujeres j\u00f3venes para que fueran modelos positivos en sus comunidades. Aunque CHICAS termin\u00f3 cuando las hijas llegaron a la edad adulta, las madres se mantuvieron en contacto. Las cuatro mujeres pronto se dieron cuenta de que tener un sentido de comunidad, sin importar cu\u00e1n peque\u00f1o sea, podr\u00eda elevar sus vidas y fomentar un sentido de pertenencia. No mucho despu\u00e9s de que CHICAS terminara, las fundadoras decidieron que toda la comunidad podr\u00eda beneficiarse de este tipo de compromiso, y naci\u00f3 Chicas Mom.<\/p>\n\n<\/div><\/div><\/div>\n\n<div class=\"gb-grid-column gb-grid-column-be849d1c\"><div class=\"gb-container gb-container-be849d1c\"><div class=\"gb-inside-container\">\n<div class=\"wp-block-image is-style-default\">\n<figure class=\"aligncenter size-large is-resized\"><img loading=\"lazy\" decoding=\"async\" width=\"1024\" height=\"576\" src=\"https:\/\/chicasmom.org\/wp-content\/uploads\/2020\/11\/group-pic-2-1024x576.jpg\" alt=\"Veintitr&#xE9;s adultos posando para una foto de grupo..\" class=\"wp-image-339\" style=\"width:588px;height:329px\" srcset=\"https:\/\/chicasmom.org\/wp-content\/uploads\/2020\/11\/group-pic-2-1024x576.jpg 1024w, https:\/\/chicasmom.org\/wp-content\/uploads\/2020\/11\/group-pic-2-scaled-600x338.jpg 600w, https:\/\/chicasmom.org\/wp-content\/uploads\/2020\/11\/group-pic-2-300x169.jpg 300w, https:\/\/chicasmom.org\/wp-content\/uploads\/2020\/11\/group-pic-2-768x432.jpg 768w, https:\/\/chicasmom.org\/wp-content\/uploads\/2020\/11\/group-pic-2-1536x864.jpg 1536w, https:\/\/chicasmom.org\/wp-content\/uploads\/2020\/11\/group-pic-2-2048x1152.jpg 2048w, https:\/\/chicasmom.org\/wp-content\/uploads\/2020\/11\/group-pic-2-1568x882.jpg 1568w\" sizes=\"auto, (max-width: 1024px) 100vw, 1024px\" \/><\/figure>\n<\/div>\n<\/div><\/div><\/div>\n<\/div>\n<div class=\"wp-block-group\"><div class=\"wp-block-group__inner-container is-layout-flow wp-block-group-is-layout-flow\">\n<div style=\"height:98px\" aria-hidden=\"true\" class=\"wp-block-spacer\"><\/div>\n<\/div><\/div>\n<div class=\"gb-grid-wrapper gb-grid-wrapper-720aa968\">\n<div class=\"gb-grid-column gb-grid-column-3089da94\"><div class=\"gb-container gb-container-3089da94\"><div class=\"gb-inside-container\">\n\n<p class=\"has-text-align-center has-white-color has-text-color has-large-font-size\"><a href=\"https:\/\/chicasmom.org\/nuestro-impacto\/?lang=es\">Vea nuestro impacto<\/a><\/p>\n\n<\/div><\/div><\/div>\n\n<div class=\"gb-grid-column gb-grid-column-1246ebec\"><div class=\"gb-container gb-container-1246ebec\"><div class=\"gb-inside-container\">\n\n<p class=\"has-text-align-center has-white-color has-text-color has-large-font-size\"><a href=\"https:\/\/chicasmom.org\/aporta\/?lang=es\">Apoye nuestro trabajo<\/a><\/p>\n\n<\/div><\/div><\/div>\n<\/div>","protected":false},"excerpt":{"rendered":"<div class=\"entry-summary\">\nChicas Mom, Inc es una organizaci\u00f3n sin fines de lucro 501 (c) (3) con la misi\u00f3n de empoderar y fortalecer a las mujeres, sin limitaci\u00f3n, proporcionando talleres din\u00e1micos, actividades, recursos y ayuda a las familias dentro de nuestra comunidad a medida que surgen las necesidades. Es en nuestro mejor inter\u00e9s servir a las mujeres de manera integral, para que est\u00e9n correctamente informadas sobre c\u00f3mo mejorar su salud mental y f\u00edsica, estabilidad financiera y conexiones sociales. Cuando se les dan los recursos correctos, estas mujeres cumplen con la misi\u00f3n de nuestra organizaci\u00f3n, sus familias, la comunidad y la suya propia.\n<\/div>\n<div class=\"link-more\"><a href=\"https:\/\/chicasmom.org\/es\/quienes-somos\/\" class=\"more-link\">Continue reading<span class=\"screen-reader-text\"> &ldquo;\u00bfQui\u00e9nes somos?&rdquo;<\/span>&hellip;<\/a><\/div>\n","protected":false},"author":7,"featured_media":0,"parent":0,"menu_order":0,"comment_status":"closed","ping_status":"closed","template":"","meta":{"_acf_changed":false,"_monsterinsights_skip_tracking":false,"_monsterinsights_sitenote_active":false,"_monsterinsights_sitenote_note":"","_monsterinsights_sitenote_category":0,"footnotes":""},"class_list":["post-2698","page","type-page","status-publish","hentry","entry"],"acf":[],"wps_subtitle":"","_links":{"self":[{"href":"https:\/\/chicasmom.org\/es\/wp-json\/wp\/v2\/pages\/2698","targetHints":{"allow":["GET"]}}],"collection":[{"href":"https:\/\/chicasmom.org\/es\/wp-json\/wp\/v2\/pages"}],"about":[{"href":"https:\/\/chicasmom.org\/es\/wp-json\/wp\/v2\/types\/page"}],"author":[{"embeddable":true,"href":"https:\/\/chicasmom.org\/es\/wp-json\/wp\/v2\/users\/7"}],"replies":[{"embeddable":true,"href":"https:\/\/chicasmom.org\/es\/wp-json\/wp\/v2\/comments?post=2698"}],"version-history":[{"count":4,"href":"https:\/\/chicasmom.org\/es\/wp-json\/wp\/v2\/pages\/2698\/revisions"}],"predecessor-version":[{"id":6346,"href":"https:\/\/chicasmom.org\/es\/wp-json\/wp\/v2\/pages\/2698\/revisions\/6346"}],"wp:attachment":[{"href":"https:\/\/chicasmom.org\/es\/wp-json\/wp\/v2\/media?parent=2698"}],"curies":[{"name":"wp","href":"https:\/\/api.w.org\/{rel}","templated":true}]}}