{"id":2695,"date":"2021-10-07T07:39:29","date_gmt":"2021-10-07T14:39:29","guid":{"rendered":"https:\/\/chicasmom.org\/inicio\/"},"modified":"2025-12-16T14:53:34","modified_gmt":"2025-12-16T22:53:34","slug":"inicio","status":"publish","type":"page","link":"https:\/\/chicasmom.org\/es\/","title":{"rendered":"Empoderando a la comunidad hispana, una chica a la vez"},"content":{"rendered":"\n<p><\/p>\n\n\n\n<div class=\"wp-block-group has-white-background-color has-background\"><div class=\"wp-block-group__inner-container is-layout-flow wp-block-group-is-layout-flow\"><\/div><\/div>\n\n\n\n<div style=\"height:20px\" aria-hidden=\"true\" class=\"wp-block-spacer\"><\/div>\n\n\n<div class=\"gb-grid-wrapper gb-grid-wrapper-142369dd\">\n<div class=\"gb-grid-column gb-grid-column-68ae7ecd\"><div class=\"gb-container gb-container-68ae7ecd\">\n\n<h2 class=\"wp-block-heading has-text-align-center\"><strong>Postulaci\u00f3n para Director\/a<\/strong><\/h2>\n\n\n<div class=\"wp-block-image\">\n<figure class=\"aligncenter size-full\"><img loading=\"lazy\" decoding=\"async\" width=\"1236\" height=\"1600\" src=\"https:\/\/chicasmom.org\/wp-content\/uploads\/2025\/12\/Directiva-CMI-2.jpeg\" alt=\"\" class=\"wp-image-7079\" srcset=\"https:\/\/chicasmom.org\/wp-content\/uploads\/2025\/12\/Directiva-CMI-2.jpeg 1236w, https:\/\/chicasmom.org\/wp-content\/uploads\/2025\/12\/Directiva-CMI-2-818x1059.jpeg 818w, https:\/\/chicasmom.org\/wp-content\/uploads\/2025\/12\/Directiva-CMI-2-1187x1536.jpeg 1187w\" sizes=\"auto, (max-width: 1236px) 100vw, 1236px\" \/><\/figure>\n<\/div>\n\n\n<a class=\"gb-button gb-button-ace27b2c gb-button-text\" href=\"https:\/\/chicasmom.org\/es\/director\/\" rel=\"nofollow sponsored\">Post\u00falate aqu\u00ed:<\/a>\n\n<\/div><\/div>\n<\/div>\n\n\n<div style=\"height:100px\" aria-hidden=\"true\" class=\"wp-block-spacer\"><\/div>\n\n\n<div class=\"gb-grid-wrapper gb-grid-wrapper-44615ca5\">\n<div class=\"gb-grid-column gb-grid-column-a5ceb1b4\"><div class=\"gb-container gb-container-a5ceb1b4\"><div class=\"gb-inside-container\">\n\n<figure class=\"wp-block-image size-large is-style-default\"><img loading=\"lazy\" decoding=\"async\" width=\"1320\" height=\"880\" src=\"https:\/\/chicasmom.org\/wp-content\/uploads\/2022\/05\/VOLUNTARIOS-GRUPO-1320x880.jpg\" alt=\"\" class=\"wp-image-5487\" srcset=\"https:\/\/chicasmom.org\/wp-content\/uploads\/2022\/05\/VOLUNTARIOS-GRUPO-1320x880.jpg 1320w, https:\/\/chicasmom.org\/wp-content\/uploads\/2022\/05\/VOLUNTARIOS-GRUPO-818x546.jpg 818w, https:\/\/chicasmom.org\/wp-content\/uploads\/2022\/05\/VOLUNTARIOS-GRUPO-1536x1025.jpg 1536w, https:\/\/chicasmom.org\/wp-content\/uploads\/2022\/05\/VOLUNTARIOS-GRUPO-600x400.jpg 600w, https:\/\/chicasmom.org\/wp-content\/uploads\/2022\/05\/VOLUNTARIOS-GRUPO.jpg 2048w\" sizes=\"auto, (max-width: 1320px) 100vw, 1320px\" \/><\/figure>\n\n\n\n<h2 class=\"wp-block-heading has-text-align-center\">\u00bfQui\u00e9nes somos?<\/h2>\n\n\n\n<p class=\"has-text-align-center\">Chicas Mom es una organizaci\u00f3n sin fines de lucro 501 \u00a9 (3) que construye v\u00edas de acceso para que las latinas en el Valle de San Fernando se mejoren a s\u00ed mismas y a su comunidad.<\/p>\n\n<\/div><\/div><\/div>\n\n<div class=\"gb-grid-column gb-grid-column-f5616461\"><div class=\"gb-container gb-container-f5616461\"><div class=\"gb-inside-container\">\n\n<figure class=\"wp-block-image size-full is-style-default\"><img loading=\"lazy\" decoding=\"async\" width=\"900\" height=\"662\" src=\"https:\/\/chicasmom.org\/wp-content\/uploads\/2021\/10\/hands-1.jpg\" alt=\"Dos manos juntas sosteniendo una flor amarilla.\" class=\"wp-image-3880\" srcset=\"https:\/\/chicasmom.org\/wp-content\/uploads\/2021\/10\/hands-1.jpg 900w, https:\/\/chicasmom.org\/wp-content\/uploads\/2021\/10\/hands-1-600x441.jpg 600w, https:\/\/chicasmom.org\/wp-content\/uploads\/2021\/10\/hands-1-818x602.jpg 818w\" sizes=\"auto, (max-width: 900px) 100vw, 900px\" \/><\/figure>\n\n\n\n<h2 class=\"wp-block-heading has-text-align-center\">\u00bfC\u00f3mo ayudamos?<\/h2>\n\n\n\n<p class=\"has-text-align-center\">Empoderamos y elevamos a la comunidad al proporcionar talleres educativos mensuales, seminarios, eventos sociales, campa\u00f1as de alimentos y ropa, todo facilitado por un grupo entusiasta de voluntarios.<\/p>\n\n<\/div><\/div><\/div>\n\n<div class=\"gb-grid-column gb-grid-column-9f3e04bc\"><div class=\"gb-container gb-container-9f3e04bc\"><div class=\"gb-inside-container\">\n\n<figure class=\"wp-block-image size-full is-style-default\"><img loading=\"lazy\" decoding=\"async\" width=\"900\" height=\"662\" src=\"https:\/\/chicasmom.org\/wp-content\/uploads\/2022\/03\/Vivian-Gladys-1.jpg\" alt=\"\" class=\"wp-image-5313\" srcset=\"https:\/\/chicasmom.org\/wp-content\/uploads\/2022\/03\/Vivian-Gladys-1.jpg 900w, https:\/\/chicasmom.org\/wp-content\/uploads\/2022\/03\/Vivian-Gladys-1-818x602.jpg 818w, https:\/\/chicasmom.org\/wp-content\/uploads\/2022\/03\/Vivian-Gladys-1-600x441.jpg 600w\" sizes=\"auto, (max-width: 900px) 100vw, 900px\" \/><\/figure>\n\n\n\n<h2 class=\"wp-block-heading has-text-align-center\">Convi\u00e9rtete en una Chica<\/h2>\n\n\n\n<p class=\"has-text-align-center\">Ya sea que desee promover sus intereses empresariales, hacer conexiones sociales, aprender a abogar por s\u00ed mismo o mejorar su calidad de vida, Chicas Mom est\u00e1 aqu\u00ed para usted.<\/p>\n\n<\/div><\/div><\/div>\n<\/div>\n\n<div class=\"gb-grid-wrapper gb-grid-wrapper-5c943365\">\n<div class=\"gb-grid-column gb-grid-column-0116ae7d\"><div class=\"gb-container gb-container-0116ae7d\"><div class=\"gb-inside-container\">\n<div class=\"wp-block-image is-style-default\">\n<figure class=\"aligncenter size-full is-resized\"><img loading=\"lazy\" decoding=\"async\" width=\"662\" height=\"900\" src=\"https:\/\/chicasmom.org\/wp-content\/uploads\/2022\/03\/Chicas-Mom-Inc-Resolution.jpg\" alt=\"\" class=\"wp-image-5316\" style=\"width:166px;height:225px\" srcset=\"https:\/\/chicasmom.org\/wp-content\/uploads\/2022\/03\/Chicas-Mom-Inc-Resolution.jpg 662w, https:\/\/chicasmom.org\/wp-content\/uploads\/2022\/03\/Chicas-Mom-Inc-Resolution-600x816.jpg 600w\" sizes=\"auto, (max-width: 662px) 100vw, 662px\" \/><\/figure>\n<\/div>\n\n\n<h2 class=\"wp-block-heading has-text-align-center\">Organizaci\u00f3n Sin fines de lucro del a\u00f1o 2021<\/h2>\n\n\n\n<p class=\"has-text-align-center\">\u00a1Feliz D\u00eda de las Organizaciones sin Fines de Lucro de California! Como Presidente del Comit\u00e9 Selecto de la Asamblea sobre el Sector sin Fines de Lucro, quiero agradecer a todas las organizaciones sin fines de lucro del a\u00f1o que fueron reconocidas este a\u00f1o. \u00a1y estoy muy contenta de honrar a Chicas Mom Inc. como la organizaci\u00f3n sin fines de lucro del a\u00f1o de AD39!<\/p>\n\n\n\n<p class=\"has-text-align-center\">Asm. Luz Rivas- District 39<\/p>\n\n<\/div><\/div><\/div>\n\n<div class=\"gb-grid-column gb-grid-column-b81412a9\"><div class=\"gb-container gb-container-b81412a9\"><div class=\"gb-inside-container\">\n\n<figure class=\"wp-block-image size-large is-style-default\"><img loading=\"lazy\" decoding=\"async\" width=\"1320\" height=\"965\" src=\"https:\/\/chicasmom.org\/wp-content\/uploads\/2022\/05\/Latina-Advocate-Day-1320x965.jpg\" alt=\"\" class=\"wp-image-5491\" srcset=\"https:\/\/chicasmom.org\/wp-content\/uploads\/2022\/05\/Latina-Advocate-Day-1320x965.jpg 1320w, https:\/\/chicasmom.org\/wp-content\/uploads\/2022\/05\/Latina-Advocate-Day-818x598.jpg 818w, https:\/\/chicasmom.org\/wp-content\/uploads\/2022\/05\/Latina-Advocate-Day-1536x1123.jpg 1536w, https:\/\/chicasmom.org\/wp-content\/uploads\/2022\/05\/Latina-Advocate-Day-600x439.jpg 600w, https:\/\/chicasmom.org\/wp-content\/uploads\/2022\/05\/Latina-Advocate-Day-rotated.jpg 1600w\" sizes=\"auto, (max-width: 1320px) 100vw, 1320px\" \/><\/figure>\n\n\n\n<h2 class=\"wp-block-heading has-text-align-center\">D\u00eda de la Defensora Latina<\/h2>\n\n\n\n<p class=\"has-text-align-center\">Tuve el honor de presentar a Gladys Duarte Ayala como Defensora Latina del A\u00f1o y celebrar el 28 aniversario de HOPE con el Caucus Legislativo Latino de California en Sacramento.\n<\/p>\n\n\n\n<p>Asm. Luz Rivas- District 39<\/p>\n\n<\/div><\/div><\/div>\n<\/div>\n\n<div class=\"gb-grid-wrapper gb-grid-wrapper-97e0b460\">\n<div class=\"gb-grid-column gb-grid-column-42b7b98b\"><div class=\"gb-container gb-container-42b7b98b\"><div class=\"gb-inside-container\">\n\n<div class=\"wp-block-buttons is-horizontal is-content-justification-center is-layout-flex wp-container-core-buttons-is-layout-499968f5 wp-block-buttons-is-layout-flex\"><\/div>\n\n\n\n<div style=\"height:26px\" aria-hidden=\"true\" class=\"wp-block-spacer\"><\/div>\n\n<\/div><\/div><\/div>\n\n<div class=\"gb-grid-column gb-grid-column-695a8269\"><div class=\"gb-container gb-container-695a8269\"><div class=\"gb-inside-container\">\n\n<div class=\"wp-block-buttons is-horizontal is-content-justification-center is-layout-flex wp-container-core-buttons-is-layout-499968f5 wp-block-buttons-is-layout-flex\"><\/div>\n\n<\/div><\/div><\/div>\n\n<div class=\"gb-grid-column gb-grid-column-a5f69e0d\"><div class=\"gb-container gb-container-a5f69e0d\"><div class=\"gb-inside-container\">\n\n<div class=\"wp-block-buttons is-horizontal is-content-justification-center is-layout-flex wp-container-core-buttons-is-layout-499968f5 wp-block-buttons-is-layout-flex\"><\/div>\n\n<\/div><\/div><\/div>\n<\/div>\n\n\n<h2 class=\"wp-block-heading\">Eventos<\/h2>\n\n\n<div class=\"em em-view-container\" id=\"em-view-2113034651\" data-view=\"list\">\r\n\t<div class=\"em pixelbones em-list em-events-list\" id=\"em-events-list-2113034651\" data-view-id=\"2113034651\">\r\n\t<div class=\"grid-container-event-list\"><div class=\"grid-item-date\"> mayo 15, 2026<br\/>\r\n      6:30 pm - 8:30 pm\r\n\r\n      \r\n            <br>\r\n<br>\r\n\r\n            <i>\r\n                  Chicas Mom Inc <br>\r\n                  11187 De Foe Ave. Pacoima CA 91331\r\n            <\/i>\r\n      \r\n       \r\n<\/div>\r\n<div class=\"grid-item-event\">\r\n      <h3>S.A.V.E. System<\/h3>\r\n      Manejo de Finanzas Personales Registro: Loading\u2026\r\n<br><br>\r\n      Haga clic para obtener m\u00e1s detalles sobre <a href=\"https:\/\/chicasmom.org\/es\/event\/s-a-v-e-system\/\">S.A.V.E. System<\/a> \r\n<\/div> <div class=\"grid-item-date\"> mayo 19, 2026<br\/>\r\n      6:30 pm - 8:30 pm\r\n\r\n      \r\n            <br>\r\n<br>\r\n\r\n            <i>\r\n                  Chicas Mom Inc <br>\r\n                  11187 De Foe Ave. Pacoima CA 91331\r\n            <\/i>\r\n      \r\n       \r\n<\/div>\r\n<div class=\"grid-item-event\">\r\n      <h3>S.A.V.E. System<\/h3>\r\n      Manejo de Finanzas Personales Registro: Loading\u2026\r\n<br><br>\r\n      Haga clic para obtener m\u00e1s detalles sobre <a href=\"https:\/\/chicasmom.org\/es\/event\/save-system-2026-05-19\/\">S.A.V.E. System<\/a> \r\n<\/div> <div class=\"grid-item-date\"> mayo 26, 2026<br\/>\r\n      6:30 pm - 8:30 pm\r\n\r\n      \r\n            <br>\r\n<br>\r\n\r\n            <i>\r\n                  Chicas Mom Inc <br>\r\n                  11187 De Foe Ave. Pacoima CA 91331\r\n            <\/i>\r\n      \r\n       \r\n<\/div>\r\n<div class=\"grid-item-event\">\r\n      <h3>S.A.V.E. System<\/h3>\r\n      Manejo de Finanzas Personales Registro: Loading\u2026\r\n<br><br>\r\n      Haga clic para obtener m\u00e1s detalles sobre <a href=\"https:\/\/chicasmom.org\/es\/event\/save-system-2026-05-26\/\">S.A.V.E. System<\/a> \r\n<\/div> <div class=\"grid-item-date\"> junio 2, 2026<br\/>\r\n      6:30 pm - 8:30 pm\r\n\r\n      \r\n            <br>\r\n<br>\r\n\r\n            <i>\r\n                  Chicas Mom Inc <br>\r\n                  11187 De Foe Ave. Pacoima CA 91331\r\n            <\/i>\r\n      \r\n       \r\n<\/div>\r\n<div class=\"grid-item-event\">\r\n      <h3>S.A.V.E. System<\/h3>\r\n      Manejo de Finanzas Personales Registro: Loading\u2026\r\n<br><br>\r\n      Haga clic para obtener m\u00e1s detalles sobre <a href=\"https:\/\/chicasmom.org\/es\/event\/save-system-2026-06-02\/\">S.A.V.E. System<\/a> \r\n<\/div> <div class=\"grid-item-date\"> junio 9, 2026<br\/>\r\n      6:30 pm - 8:30 pm\r\n\r\n      \r\n            <br>\r\n<br>\r\n\r\n            <i>\r\n                  Chicas Mom Inc <br>\r\n                  11187 De Foe Ave. Pacoima CA 91331\r\n            <\/i>\r\n      \r\n       \r\n<\/div>\r\n<div class=\"grid-item-event\">\r\n      <h3>S.A.V.E. System<\/h3>\r\n      Manejo de Finanzas Personales Registro: Loading\u2026\r\n<br><br>\r\n      Haga clic para obtener m\u00e1s detalles sobre <a href=\"https:\/\/chicasmom.org\/es\/event\/save-system-2026-06-09\/\">S.A.V.E. System<\/a> \r\n<\/div> <\/div>\r\n<br>\t<\/div>\r\n<\/div>\n\n\n\n<h2 class=\"wp-block-heading\">Galer\u00eda<\/h2>\n\n\n\n<div class=\"wp-block-columns is-layout-flex wp-container-core-columns-is-layout-9d6595d7 wp-block-columns-is-layout-flex\">\n<div class=\"wp-block-column is-layout-flow wp-block-column-is-layout-flow\" style=\"flex-basis:100%\">\n<div class=\"wp-block-jetpack-tiled-gallery aligncenter is-style-columns has-rounded-corners-6\"><div class=\"tiled-gallery__gallery\"><div class=\"tiled-gallery__row\"><div class=\"tiled-gallery__col\" style=\"flex-basis:32.01733%\"><figure class=\"tiled-gallery__item\"><img decoding=\"async\" alt=\"A group of men and women using masks holding a sign that reads Thank you for your support.\" data-height=\"1463\" data-id=\"255\" data-link=\"https:\/\/chicasmom.org\/olive-view-2048x1463-1\/\" data-url=\"https:\/\/chicasmom.org\/wp-content\/uploads\/2020\/11\/olive-view-2048x1463-1-1024x732.png\" data-width=\"2048\" src=\"https:\/\/i1.wp.com\/chicasmom.org\/wp-content\/uploads\/2020\/11\/olive-view-2048x1463-1-1024x732.png?ssl=1\" data-amp-layout=\"responsive\"\/><\/figure><figure class=\"tiled-gallery__item\"><img decoding=\"async\" alt=\"\" data-height=\"960\" data-id=\"5524\" data-link=\"https:\/\/chicasmom.org\/home-3\/assemblywoman-luz-rivas\/\" data-url=\"https:\/\/chicasmom.org\/wp-content\/uploads\/2022\/05\/Assemblywoman-Luz-Rivas-1.jpg\" data-width=\"720\" src=\"https:\/\/i1.wp.com\/chicasmom.org\/wp-content\/uploads\/2022\/05\/Assemblywoman-Luz-Rivas-1.jpg?ssl=1\" data-amp-layout=\"responsive\"\/><\/figure><figure class=\"tiled-gallery__item\"><img decoding=\"async\" alt=\"\" data-height=\"720\" data-id=\"5526\" data-link=\"https:\/\/chicasmom.org\/home-3\/grupo\/\" data-url=\"https:\/\/chicasmom.org\/wp-content\/uploads\/2022\/05\/grupo.jpg\" data-width=\"960\" src=\"https:\/\/i0.wp.com\/chicasmom.org\/wp-content\/uploads\/2022\/05\/grupo.jpg?ssl=1\" data-amp-layout=\"responsive\"\/><\/figure><figure class=\"tiled-gallery__item\"><img decoding=\"async\" alt=\"\" data-height=\"960\" data-id=\"5528\" data-link=\"https:\/\/chicasmom.org\/home-3\/vivan-gladys-luz\/\" data-url=\"https:\/\/chicasmom.org\/wp-content\/uploads\/2022\/05\/vivan-gladys-luz.jpg\" data-width=\"720\" src=\"https:\/\/i2.wp.com\/chicasmom.org\/wp-content\/uploads\/2022\/05\/vivan-gladys-luz.jpg?ssl=1\" data-amp-layout=\"responsive\"\/><\/figure><figure class=\"tiled-gallery__item\"><img decoding=\"async\" alt=\"\" data-height=\"1374\" data-id=\"5530\" data-link=\"https:\/\/chicasmom.org\/home-3\/attachment\/1\/\" data-url=\"https:\/\/chicasmom.org\/wp-content\/uploads\/2022\/05\/1-1320x886.jpg\" data-width=\"2048\" src=\"https:\/\/i1.wp.com\/chicasmom.org\/wp-content\/uploads\/2022\/05\/1-1320x886.jpg?ssl=1\" data-amp-layout=\"responsive\"\/><\/figure><figure class=\"tiled-gallery__item\"><img decoding=\"async\" alt=\"\" data-height=\"1400\" data-id=\"5532\" data-link=\"https:\/\/chicasmom.org\/home-3\/12-mach\/\" data-url=\"https:\/\/chicasmom.org\/wp-content\/uploads\/2022\/05\/12-MACH-1320x902.jpg\" data-width=\"2048\" src=\"https:\/\/i0.wp.com\/chicasmom.org\/wp-content\/uploads\/2022\/05\/12-MACH-1320x902.jpg?ssl=1\" data-amp-layout=\"responsive\"\/><\/figure><\/div><div class=\"tiled-gallery__col\" style=\"flex-basis:30.21746%\"><figure class=\"tiled-gallery__item\"><img decoding=\"async\" alt=\"\" data-height=\"1344\" data-id=\"5534\" data-link=\"https:\/\/chicasmom.org\/home-3\/attachment\/13\/\" data-url=\"https:\/\/chicasmom.org\/wp-content\/uploads\/2022\/05\/13-1320x866.jpg\" data-width=\"2048\" src=\"https:\/\/i0.wp.com\/chicasmom.org\/wp-content\/uploads\/2022\/05\/13-1320x866.jpg?ssl=1\" data-amp-layout=\"responsive\"\/><\/figure><figure class=\"tiled-gallery__item\"><img decoding=\"async\" alt=\"\" data-height=\"1364\" data-id=\"5536\" data-link=\"https:\/\/chicasmom.org\/home-3\/attachment\/15\/\" data-url=\"https:\/\/chicasmom.org\/wp-content\/uploads\/2022\/05\/15-1320x879.jpg\" data-width=\"2048\" src=\"https:\/\/i2.wp.com\/chicasmom.org\/wp-content\/uploads\/2022\/05\/15-1320x879.jpg?ssl=1\" data-amp-layout=\"responsive\"\/><\/figure><figure class=\"tiled-gallery__item\"><img decoding=\"async\" alt=\"\" data-height=\"1412\" data-id=\"5538\" data-link=\"https:\/\/chicasmom.org\/home-3\/attachment\/17\/\" data-url=\"https:\/\/chicasmom.org\/wp-content\/uploads\/2022\/05\/17-1320x910.jpg\" data-width=\"2048\" src=\"https:\/\/i1.wp.com\/chicasmom.org\/wp-content\/uploads\/2022\/05\/17-1320x910.jpg?ssl=1\" data-amp-layout=\"responsive\"\/><\/figure><figure class=\"tiled-gallery__item\"><img decoding=\"async\" alt=\"\" data-height=\"1414\" data-id=\"5540\" data-link=\"https:\/\/chicasmom.org\/home-3\/boardmember-cmi-2022\/\" data-url=\"https:\/\/chicasmom.org\/wp-content\/uploads\/2022\/05\/boardmember-CMI-2022-1320x911.jpg\" data-width=\"2048\" src=\"https:\/\/i1.wp.com\/chicasmom.org\/wp-content\/uploads\/2022\/05\/boardmember-CMI-2022-1320x911.jpg?ssl=1\" data-amp-layout=\"responsive\"\/><\/figure><\/div><div class=\"tiled-gallery__col\" style=\"flex-basis:37.76521%\"><figure class=\"tiled-gallery__item\"><img decoding=\"async\" alt=\"\" data-height=\"1256\" data-id=\"5542\" data-link=\"https:\/\/chicasmom.org\/home-3\/familia-hernandez\/\" data-url=\"https:\/\/chicasmom.org\/wp-content\/uploads\/2022\/05\/Familia-Hernandez-1320x810.jpg\" data-width=\"2048\" src=\"https:\/\/i0.wp.com\/chicasmom.org\/wp-content\/uploads\/2022\/05\/Familia-Hernandez-1320x810.jpg?ssl=1\" data-amp-layout=\"responsive\"\/><\/figure><figure class=\"tiled-gallery__item\"><img decoding=\"async\" alt=\"\" data-height=\"1272\" data-id=\"5544\" data-link=\"https:\/\/chicasmom.org\/home-3\/grupo-voluntarios-2022\/\" data-url=\"https:\/\/chicasmom.org\/wp-content\/uploads\/2022\/05\/grupo-voluntarios-2022-1320x820.jpg\" data-width=\"2048\" src=\"https:\/\/i1.wp.com\/chicasmom.org\/wp-content\/uploads\/2022\/05\/grupo-voluntarios-2022-1320x820.jpg?ssl=1\" data-amp-layout=\"responsive\"\/><\/figure><figure class=\"tiled-gallery__item\"><img decoding=\"async\" alt=\"\" data-height=\"1346\" data-id=\"5546\" data-link=\"https:\/\/chicasmom.org\/home-3\/plantitas\/\" data-url=\"https:\/\/chicasmom.org\/wp-content\/uploads\/2022\/05\/plantitas-1320x868.jpg\" data-width=\"2048\" src=\"https:\/\/i1.wp.com\/chicasmom.org\/wp-content\/uploads\/2022\/05\/plantitas-1320x868.jpg?ssl=1\" data-amp-layout=\"responsive\"\/><\/figure><figure class=\"tiled-gallery__item\"><img decoding=\"async\" alt=\"\" data-height=\"1366\" data-id=\"5487\" data-link=\"https:\/\/chicasmom.org\/home-3\/voluntarios-grupo\/\" data-url=\"https:\/\/chicasmom.org\/wp-content\/uploads\/2022\/05\/VOLUNTARIOS-GRUPO-1320x880.jpg\" data-width=\"2048\" src=\"https:\/\/i2.wp.com\/chicasmom.org\/wp-content\/uploads\/2022\/05\/VOLUNTARIOS-GRUPO-1320x880.jpg?ssl=1\" data-amp-layout=\"responsive\"\/><\/figure><\/div><\/div><\/div><\/div>\n<\/div>\n<\/div>\n\n\n\n<div style=\"height:32px\" aria-hidden=\"true\" class=\"wp-block-spacer\"><\/div>\n\n\n<div class=\"gb-grid-wrapper gb-grid-wrapper-d2d569c7\">\n<div class=\"gb-grid-column gb-grid-column-775f4421\"><div class=\"gb-container gb-container-775f4421\"><div class=\"gb-inside-container\"><\/div><\/div><\/div>\n<\/div>","protected":false},"excerpt":{"rendered":"<div class=\"entry-summary\">\n<a class=\"wp-block-button__link has-background no-border-radius button size-large front-button\" href=\"\/conviertete-en-una-chica\/?lang=es\" style=\"background-color:#88176a\">Convi\u00e9rtete en una Chica<\/a><\/p>\n<\/div>\n<div class=\"link-more\"><a href=\"https:\/\/chicasmom.org\/es\/\" class=\"more-link\">Continue reading<span class=\"screen-reader-text\"> &ldquo;Empoderando a la comunidad hispana, una chica a la vez&rdquo;<\/span>&hellip;<\/a><\/div>\n","protected":false},"author":7,"featured_media":0,"parent":0,"menu_order":0,"comment_status":"closed","ping_status":"closed","template":"","meta":{"_acf_changed":false,"_monsterinsights_skip_tracking":false,"_monsterinsights_sitenote_active":false,"_monsterinsights_sitenote_note":"","_monsterinsights_sitenote_category":0,"footnotes":""},"class_list":["post-2695","page","type-page","status-publish","hentry","entry"],"acf":[],"wps_subtitle":"","_links":{"self":[{"href":"https:\/\/chicasmom.org\/es\/wp-json\/wp\/v2\/pages\/2695","targetHints":{"allow":["GET"]}}],"collection":[{"href":"https:\/\/chicasmom.org\/es\/wp-json\/wp\/v2\/pages"}],"about":[{"href":"https:\/\/chicasmom.org\/es\/wp-json\/wp\/v2\/types\/page"}],"author":[{"embeddable":true,"href":"https:\/\/chicasmom.org\/es\/wp-json\/wp\/v2\/users\/7"}],"replies":[{"embeddable":true,"href":"https:\/\/chicasmom.org\/es\/wp-json\/wp\/v2\/comments?post=2695"}],"version-history":[{"count":39,"href":"https:\/\/chicasmom.org\/es\/wp-json\/wp\/v2\/pages\/2695\/revisions"}],"predecessor-version":[{"id":7081,"href":"https:\/\/chicasmom.org\/es\/wp-json\/wp\/v2\/pages\/2695\/revisions\/7081"}],"wp:attachment":[{"href":"https:\/\/chicasmom.org\/es\/wp-json\/wp\/v2\/media?parent=2695"}],"curies":[{"name":"wp","href":"https:\/\/api.w.org\/{rel}","templated":true}]}}